{"id":1091,"date":"2020-08-05T08:02:11","date_gmt":"2020-08-05T06:02:11","guid":{"rendered":"http:\/\/www.radort-magdeburg.com\/?page_id=1091"},"modified":"2020-08-05T08:06:02","modified_gmt":"2020-08-05T06:06:02","slug":"aller-elbe-radweg","status":"publish","type":"page","link":"http:\/\/www.radort-magdeburg.com\/index.php\/touren\/radwege-in-sachsen-anhalt\/aller-elbe-radweg\/","title":{"rendered":"Aller-Elbe-Radweg"},"content":{"rendered":"\n<p><a href=\"file:\/\/\/D:\/Beschilderung%20Elberadweg\/tourismus\/bsp2\/Vorwort.html\">Lage des Fernradweges<\/a><br>Auf dem Aller-Elbe-Radweg nach Magdeburg.<br>Von Wolfsburg folgen Sie dem Aller-Radweg durch Oebisfelde bis zum Abzweig des Aller-Elbe-Radweg bei Seggerde. Dann radeln Sie durch urspr\u00fcngliche D\u00f6rfer ins sehenswerte Seggerde mit Landschaftspark und Gutshof, weiter zum Luftkurort Flechtingen mit Wasserschloss und Park und&nbsp;Hundisburg, einem Ort, der sich als Freilichtmuseum versteht. \u00dcber Haldensleben und Wolmirstedt mit seinen historischen Altst\u00e4dten radeln Sie nach Gliendenberg und zum Mittellandkanal. Hier \u00fcberqueren Sie die Elbe und folgen den Weg entlang des Mittellandkanals bis zur Doppelsparschleuse Hohenwarthe und treffen dort auf dem Elberadweg.<br><\/p>\n\n\n\n<p><a href=\"file:\/\/\/D:\/Beschilderung%20Elberadweg\/tourismus\/bsp2\/Legende.html\">Charakteristik der Landschaft<\/a><br>Auf&nbsp;wenig befahrenen&nbsp;Stra\u00dfen, teilweise unbefestigt und gut ausgebauten Radwegen, geht es durch die h\u00fcgliche Landschaft.&nbsp;<\/p>\n\n\n\n<p><a href=\"file:\/\/\/D:\/Beschilderung%20Elberadweg\/tourismus\/headingl\">Streckenl\u00e4nge<\/a><\/p>\n\n\n\n<p>Die L\u00e4nge des Aller-Elbe-Radwegs von Abzweig bis zum Elberadweg betr\u00e4gr etwa 77,50 Kilometer.<\/p>\n\n\n\n<p><a href=\"file:\/\/\/D:\/Beschilderung%20Elberadweg\/tourismus\/headingl\">Streckenverlauf&nbsp;<\/a><\/p>\n\n\n\n<p><a href=\"file:\/\/\/D:\/Beschilderung%20Elberadweg\/tourismus\/Aller-Elbe-Radweg%201.Etappe.html\">1.Etappe Von Abzweig nach Flechtingen 16,20\u00a0km<\/a><br><a href=\"file:\/\/\/D:\/Beschilderung%20Elberadweg\/tourismus\/Aller-Elbe-Radweg%202.Etappe.html\">2.Etappe Von Flechtingen\u00a0nach Haldensleben 29,10 km<\/a><br><a href=\"file:\/\/\/D:\/Beschilderung%20Elberadweg\/tourismus\/Aller-Elbe-Radweg%203.Etappe.html\">3.Etappe Von Haldensleben nach Wolmirstedt 23,30 km\u00a0<br><\/a><a href=\"file:\/\/\/D:\/Beschilderung%20Elberadweg\/tourismus\/Aller-Elbe-Radweg%204.Etappe.html\"> 4.Etappe von Wolmirstedt zur Doppelsparschleuse Hohenwarthe (mit Anschluss zun Elberadweg)\u00a0<br><\/a><\/p>\n\n\n\n<p><a href=\"file:\/\/\/D:\/Beschilderung%20Elberadweg\/tourismus\/headingl\">Streckenprofil<\/a><br>Der Aller-Elbe-Radweg ist in den letzten Jahren kontinuierlich weiter ausgebaut worden und wird auch in Zukunft weiter ausgebaut werden.\u00a0<br><br><a href=\"file:\/\/\/D:\/Beschilderung%20Elberadweg\/tourismus\/Altmarkrundkurs\/Altmarkrundkurs.html\">Wegweisung<\/a><br>Der Aller-Elbe-Radweg ist gr\u00f6\u00dftenteils mit dem entsprechenden Logo beschildert.<\/p>\n\n\n\n<p><a href=\"file:\/\/\/D:\/Beschilderung%20Elberadweg\/tourismus\/Altmarkrundkurs\/Altmarkrundkurs.html\">Ber\u00fchrungspunkte mit Sehensw\u00fcrdigkeiten der &#8218;Stra\u00dfe der Romanik&#8216;<\/a><\/p>\n\n\n\n<p>1. direkt in Hundisburg und Gro\u00df Ammensleben<br><\/p>\n\n\n\n<p><a href=\"file:\/\/\/D:\/Beschilderung%20Elberadweg\/tourismus\/Altmarkrundkurs\/Altmarkrundkurs.html\">Anbindung andere Radfernwege und regionale Radwege<\/a><br>1. in Haldensleben\u00a0an den\u00a0<br>2. An der Kreuzung auf der K45 nach Weferlingen\u00a0 \u00a0 \u00a0 \u00a0\u00a0\u00a0\u00a0 \u00a0\u00a0\u00a0\u00a0<br>\u00a0 \u00a0 Aller-Radweg\u00a0<br>3. in Hohenwarthe an den Elberadweg<br><\/p>\n\n\n\n<p><a href=\"file:\/\/\/D:\/Beschilderung%20Elberadweg\/tourismus\/Altmarkrundkurs\/Altmarkrundkurs.html\">Unterk\u00fcnfte<\/a><\/p>\n\n\n\n<p><a href=\"file:\/\/\/D:\/Beschilderung%20Elberadweg\/tourismus\/bsp2\/EUROPA-RADWANDERWEG%20R1.html\">Hotels, Pensionen, Gasth\u00f6fe<\/a><\/p>\n\n\n\n<p>Siehe Gastgeberverzeichnis Sachsen-Anhalt,&nbsp;Elbe-B\u00f6rde-Heide u. der Anlieger St\u00e4dte<\/p>\n","protected":false},"excerpt":{"rendered":"<p>Lage des FernradwegesAuf dem Aller-Elbe-Radweg nach Magdeburg.Von Wolfsburg folgen Sie dem Aller-Radweg durch Oebisfelde bis zum Abzweig des Aller-Elbe-Radweg bei Seggerde. Dann radeln Sie durch urspr\u00fcngliche D\u00f6rfer ins sehenswerte Seggerde mit Landschaftspark und Gutshof, weiter zum Luftkurort Flechtingen mit Wasserschloss &hellip; <a href=\"http:\/\/www.radort-magdeburg.com\/index.php\/touren\/radwege-in-sachsen-anhalt\/aller-elbe-radweg\/\">Weiterlesen <span class=\"meta-nav\">&rarr;<\/span><\/a><\/p>\n","protected":false},"author":1,"featured_media":0,"parent":479,"menu_order":0,"comment_status":"closed","ping_status":"closed","template":"","meta":{"_mc_calendar":[],"footnotes":""},"class_list":["post-1091","page","type-page","status-publish","hentry"],"yoast_head":"<!-- This site is optimized with the Yoast SEO plugin v27.4 - https:\/\/yoast.com\/product\/yoast-seo-wordpress\/ -->\n<title>Aller-Elbe-Radweg - radort Magdeburg<\/title>\n<meta name=\"robots\" content=\"index, follow, max-snippet:-1, max-image-preview:large, max-video-preview:-1\" \/>\n<link rel=\"canonical\" href=\"http:\/\/www.radort-magdeburg.com\/index.php\/touren\/radwege-in-sachsen-anhalt\/aller-elbe-radweg\/\" \/>\n<meta property=\"og:locale\" content=\"de_DE\" \/>\n<meta property=\"og:type\" content=\"article\" \/>\n<meta property=\"og:title\" content=\"Aller-Elbe-Radweg - radort Magdeburg\" \/>\n<meta property=\"og:description\" content=\"Lage des FernradwegesAuf dem Aller-Elbe-Radweg nach Magdeburg.Von Wolfsburg folgen Sie dem Aller-Radweg durch Oebisfelde bis zum Abzweig des Aller-Elbe-Radweg bei Seggerde. Dann radeln Sie durch urspr\u00fcngliche D\u00f6rfer ins sehenswerte Seggerde mit Landschaftspark und Gutshof, weiter zum Luftkurort Flechtingen mit Wasserschloss &hellip; Weiterlesen &rarr;\" \/>\n<meta property=\"og:url\" content=\"http:\/\/www.radort-magdeburg.com\/index.php\/touren\/radwege-in-sachsen-anhalt\/aller-elbe-radweg\/\" \/>\n<meta property=\"og:site_name\" content=\"radort Magdeburg\" \/>\n<meta property=\"article:modified_time\" content=\"2020-08-05T06:06:02+00:00\" \/>\n<meta name=\"twitter:card\" content=\"summary_large_image\" \/>\n<meta name=\"twitter:label1\" content=\"Gesch\u00e4tzte Lesezeit\" \/>\n\t<meta name=\"twitter:data1\" content=\"1\u00a0Minute\" \/>\n<script type=\"application\/ld+json\" class=\"yoast-schema-graph\">{\"@context\":\"https:\\\/\\\/schema.org\",\"@graph\":[{\"@type\":\"WebPage\",\"@id\":\"http:\\\/\\\/www.radort-magdeburg.com\\\/index.php\\\/touren\\\/radwege-in-sachsen-anhalt\\\/aller-elbe-radweg\\\/\",\"url\":\"http:\\\/\\\/www.radort-magdeburg.com\\\/index.php\\\/touren\\\/radwege-in-sachsen-anhalt\\\/aller-elbe-radweg\\\/\",\"name\":\"Aller-Elbe-Radweg - radort Magdeburg\",\"isPartOf\":{\"@id\":\"http:\\\/\\\/www.radort-magdeburg.com\\\/#website\"},\"datePublished\":\"2020-08-05T06:02:11+00:00\",\"dateModified\":\"2020-08-05T06:06:02+00:00\",\"breadcrumb\":{\"@id\":\"http:\\\/\\\/www.radort-magdeburg.com\\\/index.php\\\/touren\\\/radwege-in-sachsen-anhalt\\\/aller-elbe-radweg\\\/#breadcrumb\"},\"inLanguage\":\"de\",\"potentialAction\":[{\"@type\":\"ReadAction\",\"target\":[\"http:\\\/\\\/www.radort-magdeburg.com\\\/index.php\\\/touren\\\/radwege-in-sachsen-anhalt\\\/aller-elbe-radweg\\\/\"]}]},{\"@type\":\"BreadcrumbList\",\"@id\":\"http:\\\/\\\/www.radort-magdeburg.com\\\/index.php\\\/touren\\\/radwege-in-sachsen-anhalt\\\/aller-elbe-radweg\\\/#breadcrumb\",\"itemListElement\":[{\"@type\":\"ListItem\",\"position\":1,\"name\":\"Startseite\",\"item\":\"http:\\\/\\\/www.radort-magdeburg.com\\\/\"},{\"@type\":\"ListItem\",\"position\":2,\"name\":\"Touren\",\"item\":\"http:\\\/\\\/www.radort-magdeburg.com\\\/index.php\\\/touren\\\/\"},{\"@type\":\"ListItem\",\"position\":3,\"name\":\"Radwege in Sachsen-Anhalt\",\"item\":\"http:\\\/\\\/www.radort-magdeburg.com\\\/index.php\\\/touren\\\/radwege-in-sachsen-anhalt\\\/\"},{\"@type\":\"ListItem\",\"position\":4,\"name\":\"Aller-Elbe-Radweg\"}]},{\"@type\":\"WebSite\",\"@id\":\"http:\\\/\\\/www.radort-magdeburg.com\\\/#website\",\"url\":\"http:\\\/\\\/www.radort-magdeburg.com\\\/\",\"name\":\"radort Magdeburg\",\"description\":\"Willkommen in unserer Radreise Region\",\"publisher\":{\"@id\":\"http:\\\/\\\/www.radort-magdeburg.com\\\/#\\\/schema\\\/person\\\/fceedb630e519c36aa801b23ec22d528\"},\"potentialAction\":[{\"@type\":\"SearchAction\",\"target\":{\"@type\":\"EntryPoint\",\"urlTemplate\":\"http:\\\/\\\/www.radort-magdeburg.com\\\/?s={search_term_string}\"},\"query-input\":{\"@type\":\"PropertyValueSpecification\",\"valueRequired\":true,\"valueName\":\"search_term_string\"}}],\"inLanguage\":\"de\"},{\"@type\":[\"Person\",\"Organization\"],\"@id\":\"http:\\\/\\\/www.radort-magdeburg.com\\\/#\\\/schema\\\/person\\\/fceedb630e519c36aa801b23ec22d528\",\"name\":\"radort_admin\",\"image\":{\"@type\":\"ImageObject\",\"inLanguage\":\"de\",\"@id\":\"https:\\\/\\\/secure.gravatar.com\\\/avatar\\\/12470d3a850e60ee25c5330a5f618df727969898bdd3b4cdf8bd2adede7c0dee?s=96&d=mm&r=g\",\"url\":\"https:\\\/\\\/secure.gravatar.com\\\/avatar\\\/12470d3a850e60ee25c5330a5f618df727969898bdd3b4cdf8bd2adede7c0dee?s=96&d=mm&r=g\",\"contentUrl\":\"https:\\\/\\\/secure.gravatar.com\\\/avatar\\\/12470d3a850e60ee25c5330a5f618df727969898bdd3b4cdf8bd2adede7c0dee?s=96&d=mm&r=g\",\"caption\":\"radort_admin\"},\"logo\":{\"@id\":\"https:\\\/\\\/secure.gravatar.com\\\/avatar\\\/12470d3a850e60ee25c5330a5f618df727969898bdd3b4cdf8bd2adede7c0dee?s=96&d=mm&r=g\"},\"sameAs\":[\"http:\\\/\\\/www.radort-magdeburg.com\"]}]}<\/script>\n<!-- \/ Yoast SEO plugin. -->","yoast_head_json":{"title":"Aller-Elbe-Radweg - radort Magdeburg","robots":{"index":"index","follow":"follow","max-snippet":"max-snippet:-1","max-image-preview":"max-image-preview:large","max-video-preview":"max-video-preview:-1"},"canonical":"http:\/\/www.radort-magdeburg.com\/index.php\/touren\/radwege-in-sachsen-anhalt\/aller-elbe-radweg\/","og_locale":"de_DE","og_type":"article","og_title":"Aller-Elbe-Radweg - radort Magdeburg","og_description":"Lage des FernradwegesAuf dem Aller-Elbe-Radweg nach Magdeburg.Von Wolfsburg folgen Sie dem Aller-Radweg durch Oebisfelde bis zum Abzweig des Aller-Elbe-Radweg bei Seggerde. Dann radeln Sie durch urspr\u00fcngliche D\u00f6rfer ins sehenswerte Seggerde mit Landschaftspark und Gutshof, weiter zum Luftkurort Flechtingen mit Wasserschloss &hellip; Weiterlesen &rarr;","og_url":"http:\/\/www.radort-magdeburg.com\/index.php\/touren\/radwege-in-sachsen-anhalt\/aller-elbe-radweg\/","og_site_name":"radort Magdeburg","article_modified_time":"2020-08-05T06:06:02+00:00","twitter_card":"summary_large_image","twitter_misc":{"Gesch\u00e4tzte Lesezeit":"1\u00a0Minute"},"schema":{"@context":"https:\/\/schema.org","@graph":[{"@type":"WebPage","@id":"http:\/\/www.radort-magdeburg.com\/index.php\/touren\/radwege-in-sachsen-anhalt\/aller-elbe-radweg\/","url":"http:\/\/www.radort-magdeburg.com\/index.php\/touren\/radwege-in-sachsen-anhalt\/aller-elbe-radweg\/","name":"Aller-Elbe-Radweg - radort Magdeburg","isPartOf":{"@id":"http:\/\/www.radort-magdeburg.com\/#website"},"datePublished":"2020-08-05T06:02:11+00:00","dateModified":"2020-08-05T06:06:02+00:00","breadcrumb":{"@id":"http:\/\/www.radort-magdeburg.com\/index.php\/touren\/radwege-in-sachsen-anhalt\/aller-elbe-radweg\/#breadcrumb"},"inLanguage":"de","potentialAction":[{"@type":"ReadAction","target":["http:\/\/www.radort-magdeburg.com\/index.php\/touren\/radwege-in-sachsen-anhalt\/aller-elbe-radweg\/"]}]},{"@type":"BreadcrumbList","@id":"http:\/\/www.radort-magdeburg.com\/index.php\/touren\/radwege-in-sachsen-anhalt\/aller-elbe-radweg\/#breadcrumb","itemListElement":[{"@type":"ListItem","position":1,"name":"Startseite","item":"http:\/\/www.radort-magdeburg.com\/"},{"@type":"ListItem","position":2,"name":"Touren","item":"http:\/\/www.radort-magdeburg.com\/index.php\/touren\/"},{"@type":"ListItem","position":3,"name":"Radwege in Sachsen-Anhalt","item":"http:\/\/www.radort-magdeburg.com\/index.php\/touren\/radwege-in-sachsen-anhalt\/"},{"@type":"ListItem","position":4,"name":"Aller-Elbe-Radweg"}]},{"@type":"WebSite","@id":"http:\/\/www.radort-magdeburg.com\/#website","url":"http:\/\/www.radort-magdeburg.com\/","name":"radort Magdeburg","description":"Willkommen in unserer Radreise Region","publisher":{"@id":"http:\/\/www.radort-magdeburg.com\/#\/schema\/person\/fceedb630e519c36aa801b23ec22d528"},"potentialAction":[{"@type":"SearchAction","target":{"@type":"EntryPoint","urlTemplate":"http:\/\/www.radort-magdeburg.com\/?s={search_term_string}"},"query-input":{"@type":"PropertyValueSpecification","valueRequired":true,"valueName":"search_term_string"}}],"inLanguage":"de"},{"@type":["Person","Organization"],"@id":"http:\/\/www.radort-magdeburg.com\/#\/schema\/person\/fceedb630e519c36aa801b23ec22d528","name":"radort_admin","image":{"@type":"ImageObject","inLanguage":"de","@id":"https:\/\/secure.gravatar.com\/avatar\/12470d3a850e60ee25c5330a5f618df727969898bdd3b4cdf8bd2adede7c0dee?s=96&d=mm&r=g","url":"https:\/\/secure.gravatar.com\/avatar\/12470d3a850e60ee25c5330a5f618df727969898bdd3b4cdf8bd2adede7c0dee?s=96&d=mm&r=g","contentUrl":"https:\/\/secure.gravatar.com\/avatar\/12470d3a850e60ee25c5330a5f618df727969898bdd3b4cdf8bd2adede7c0dee?s=96&d=mm&r=g","caption":"radort_admin"},"logo":{"@id":"https:\/\/secure.gravatar.com\/avatar\/12470d3a850e60ee25c5330a5f618df727969898bdd3b4cdf8bd2adede7c0dee?s=96&d=mm&r=g"},"sameAs":["http:\/\/www.radort-magdeburg.com"]}]}},"_links":{"self":[{"href":"http:\/\/www.radort-magdeburg.com\/index.php\/wp-json\/wp\/v2\/pages\/1091","targetHints":{"allow":["GET"]}}],"collection":[{"href":"http:\/\/www.radort-magdeburg.com\/index.php\/wp-json\/wp\/v2\/pages"}],"about":[{"href":"http:\/\/www.radort-magdeburg.com\/index.php\/wp-json\/wp\/v2\/types\/page"}],"author":[{"embeddable":true,"href":"http:\/\/www.radort-magdeburg.com\/index.php\/wp-json\/wp\/v2\/users\/1"}],"replies":[{"embeddable":true,"href":"http:\/\/www.radort-magdeburg.com\/index.php\/wp-json\/wp\/v2\/comments?post=1091"}],"version-history":[{"count":2,"href":"http:\/\/www.radort-magdeburg.com\/index.php\/wp-json\/wp\/v2\/pages\/1091\/revisions"}],"predecessor-version":[{"id":1093,"href":"http:\/\/www.radort-magdeburg.com\/index.php\/wp-json\/wp\/v2\/pages\/1091\/revisions\/1093"}],"up":[{"embeddable":true,"href":"http:\/\/www.radort-magdeburg.com\/index.php\/wp-json\/wp\/v2\/pages\/479"}],"wp:attachment":[{"href":"http:\/\/www.radort-magdeburg.com\/index.php\/wp-json\/wp\/v2\/media?parent=1091"}],"curies":[{"name":"wp","href":"https:\/\/api.w.org\/{rel}","templated":true}]}}