{"id":1239,"date":"2021-02-18T07:36:31","date_gmt":"2021-02-18T06:36:31","guid":{"rendered":"http:\/\/www.radort-magdeburg.com\/?page_id=1239"},"modified":"2025-12-27T22:44:18","modified_gmt":"2025-12-27T21:44:18","slug":"aktuelles","status":"publish","type":"page","link":"http:\/\/www.radort-magdeburg.com\/index.php\/touren\/elberadweg\/aktuelles\/","title":{"rendered":"30 Jahre Elberadweg"},"content":{"rendered":"\n<p class=\"has-text-align-center\"><span style=\"color: #0000ff;\">30 Jahre ELBE<em>RAD<\/em>WEG<br>Von der Elbquelle im Riesengebirge<br>nach Cuxhaven<\/span><\/p>\n\n\n\n<p class=\"has-text-align-left\">&nbsp;<\/p>\n\n\n\n<p><strong><span style=\"color: #0000ff;\">Tag 1<\/strong><\/span><\/p>\n\n\n\n<p><strong>Anreise \u0160pindleruv Ml\u00fdn<\/strong><\/p>\n\n\n\n<p><strong><span style=\"color: #0000ff;\">Tag 2<\/strong><\/span><\/p>\n\n\n\n<p><strong>1.1 Etappe: Radwanderung von \u0160pindleruv Ml\u00fdn (Spindlerm\u00fchle) zur Elbbaude, 15,5 km<\/strong><\/p>\n\n\n\n<p><\/p>\n\n<script type=\"text\/javascript\" src=\"https:\/\/www.outdooractive.com\/de\/embed\/301730149\/js?mw=false&#038;usr=1ozf8v&#038;key=USR-HWUOAGTH-EMWGKSUC-4OSSTBHV\"><\/script>\n\n<p><\/p>\n<p><strong>1.2 Etappe: Wanderung von der Elbbaude zur Elbquelle, 1,0 km<\/strong><\/p>\n\n\n\n\n<script type=\"text\/javascript\" src=\"https:\/\/www.outdooractive.com\/de\/embed\/301730518\/js?mw=false&#038;usr=1ozf8v&#038;key=USR-HWUOAGTH-EMWGKSUC-4OSSTBHV\"><\/script>\n<p><\/p>\n<p><strong>1.3 Etappe: Wanderung von der Elbquelle zur Elbbaude, 1,0 km<\/strong><\/p>\n\n\n\n\n<script type=\"text\/javascript\" src=\"https:\/\/www.outdooractive.com\/de\/embed\/301730779\/js?mw=false&#038;usr=1ozf8v&#038;key=USR-HWUOAGTH-EMWGKSUC-4OSSTBHV\"><\/script>\n<p><\/p>\n<p><strong>1.4 Etappe: Radwanderung von der Elbbaude nach \u0160pindleruv Ml\u00fdn (Spindlerm\u00fchle), 15,4 km<\/strong><\/p>\n\n\n\n\n<script type=\"text\/javascript\" src=\"https:\/\/www.outdooractive.com\/de\/embed\/301730929\/js?mw=false&#038;usr=1ozf8v&#038;key=USR-HWUOAGTH-EMWGKSUC-4OSSTBHV\"><\/script>\n\n<p><\/p>\n<p><strong><span style=\"color: #0000ff;\">Tag 3<\/strong><\/span><\/p>\n\n\n\n<p><strong>2. Etappe: \u0160pindleruv Ml\u00fdn (Spindlerm\u00fchle) \u2013 Dv\u016fr Kr\u00e1lov\u00e9 nad Labem (K\u00f6niginhof an der Elbe), 51,4 kmm<\/strong><\/p>\n\n<p><\/p>\n<script type=\"text\/javascript\" src=\"https:\/\/www.outdooractive.com\/de\/embed\/301731045\/js?mw=false&#038;usr=1ozf8v&#038;key=USR-HWUOAGTH-EMWGKSUC-4OSSTBHV\"><\/script>\n<p><\/p>\n\n\n<p><strong><span style=\"color: #0000ff;\">Tag 4<\/strong><\/span><\/p>\n\n\n\n<p><strong>3. Etappe: Dv\u016fr Kr\u00e1lov\u00e9 nad Labem (K\u00f6niginhof an der Elbe) \u2013 Hradec Kr\u00e1lov\u00e9 (K\u00f6niggr\u00e4tz), 39,1 km\n<\/strong><\/p>\n\n<p><\/p>\n<script type=\"text\/javascript\" src=\"https:\/\/www.outdooractive.com\/de\/embed\/301731180\/js?mw=false&#038;usr=1ozf8v&#038;key=USR-HWUOAGTH-EMWGKSUC-4OSSTBHV\"><\/script>\n<p><\/p>\n\n\n<p><strong><span style=\"color: #0000ff;\">Tag 5<\/strong><\/span><\/p>\n\n\n\n<p><strong>4. Etappe: Hradec Kr\u00e1lov\u00e9 (K\u00f6niggr\u00e4tz) \u2013 P\u0159elou\u010d (Prelauc), 47,6 km\n<\/strong><\/p>\n\n<p><\/p>\n<script type=\"text\/javascript\" src=\"https:\/\/www.outdooractive.com\/de\/embed\/301731260\/js?mw=false&#038;usr=1ozf8v&#038;key=USR-HWUOAGTH-EMWGKSUC-4OSSTBHV\"><\/script>\n\n<p><\/p>\n<p><strong><span style=\"color: #0000ff;\">Tag 6<\/strong><\/span><\/p>\n\n\n\n<p><strong>5. Etappe: P\u0159elou\u010d (Prelauc) \u2013 Nymburk (Nimburg) &#8211; ca. 63 km\n<\/strong><\/p>\n\n<p><\/p>\n<script type=\"text\/javascript\" src=\"https:\/\/www.outdooractive.com\/de\/embed\/301828003\/js?mw=false&#038;usr=1ozf8v&#038;key=USR-HWUOAGTH-EMWGKSUC-4OSSTBHV\"><\/script>\n<p><\/p>\n\n<p><strong><span style=\"color: #0000ff;\">Tag 7<\/strong><\/span><\/p>\n\n\n\n<p><strong>6. Etappe: Nymburk (Nimburg) \u2013 Praha (Prag), 62,8 km\n<\/strong><\/p>\n\n<p><\/p>\n<script type=\"text\/javascript\" src=\"https:\/\/www.outdooractive.com\/de\/embed\/301828430\/js?mw=false&#038;usr=1ozf8v&#038;key=USR-HWUOAGTH-EMWGKSUC-4OSSTBHV\"><\/script>\n<p><\/p>\n\n<p><strong><span style=\"color: #0000ff;\">Tag 8<\/strong><\/span><\/p>\n\n\n\n<p><strong>7. Etappe: Tagesausflug Praha (Prag)\n<\/strong><\/p>\n\n<p><\/p>\n\n\n<p><strong><span style=\"color: #0000ff;\">Tag 9<\/strong><\/span><\/p>\n\n\n\n<p><strong>8. Etappe: Praha (Prag) \u2013 Melnik, 61,0 km\n<\/strong><\/p>\n\n<p><\/p>\n<script type=\"text\/javascript\" src=\"https:\/\/www.outdooractive.com\/de\/embed\/301833114\/js?mw=false&#038;usr=1ozf8v&#038;key=USR-HWUOAGTH-EMWGKSUC-4OSSTBHV\"><\/script>\n\n<p><\/p>\n\n\n<p><strong><span style=\"color: #0000ff;\">Tag 10<\/strong><\/span><\/p>\n\n\n\n<p><strong>9. Etappe: Meln\u00edk \u2013 Litom\u011b\u0159ice (Leitmeritz), 53,1 km\n<\/strong><\/p>\n\n<p><\/p>\n<script type=\"text\/javascript\" src=\"https:\/\/www.outdooractive.com\/de\/embed\/301833829\/js?mw=false&#038;usr=1ozf8v&#038;key=USR-HWUOAGTH-EMWGKSUC-4OSSTBHV\"><\/script>\n\n<p><\/p>\n\n\n<p><strong><span style=\"color: #0000ff;\">Tag 11<\/strong><\/span><\/p>\n\n\n\n<p><strong>10. Etappe: Litom\u011b\u0159ice (Leitmeritz) \u2013 D\u011b\u010d\u00edn (Tetschen-Bodenbach), 53,2 km\n<\/strong><\/p>\n\n<p><\/p>\n<script type=\"text\/javascript\" src=\"https:\/\/www.outdooractive.com\/de\/embed\/301834539\/js?mw=false&#038;usr=1ozf8v&#038;key=USR-HWUOAGTH-EMWGKSUC-4OSSTBHV\"><\/script>\n\n<p><\/p>\n\n\n<p><strong><span style=\"color: #0000ff;\">Tag 12<\/strong><\/span><\/p>\n\n\n\n<p><strong>11. Etappe: : D\u011b\u010d\u00edn (Tetschen-Bodenbach)  \u2013 Pirna, ca. 44,4 km\n<\/strong><\/p>\n\n<p><\/p>\n<script type=\"text\/javascript\" src=\"https:\/\/www.outdooractive.com\/de\/embed\/284460536\/js?mw=false&#038;usr=1ozf8v&#038;key=USR-HWUOAGTH-EMWGKSUC-4OSSTBHV\"><\/script>\n\n<p><\/p>\n<p><\/p>\n\n\n<p><strong><span style=\"color: #0000ff;\">Tag 13<\/strong><\/span><\/p>\n\n\n\n<p><strong>12. Etappe: : Pirna \u2013 Dresden, ca. 24,5 km\n<\/strong><\/p>\n\n<p><\/p>\n<script type=\"text\/javascript\" src=\"https:\/\/www.outdooractive.com\/de\/embed\/284460803\/js?mw=false\"><\/script>\n\n<p><\/p>\n\n\n<p><strong><span style=\"color: #0000ff;\">Tag 14<\/strong><\/span><\/p>\n\n\n\n<p><strong>13. Etappe: Tagesausflug Dresden\n<\/strong><\/p>\n\n\n<p><\/p>\n\n\n<p><strong><span style=\"color: #0000ff;\">Tag 15<\/strong><\/span><\/p>\n\n\n\n<p><strong>14. Etappe: Dresden \u2013 Mei\u00dfen (ca. 25,6 km)\n<\/strong><\/p>\n\n<p><\/p>\n<script type=\"text\/javascript\" src=\"https:\/\/www.outdooractive.com\/de\/embed\/302404456\/js?mw=false\"><\/script>\n\n<p><\/p>\n\n\n<p><strong><span style=\"color: #0000ff;\">Tag 16<\/strong><\/span><\/p>\n\n\n\n<p><strong>15. Etappe: Mei\u00dfen \u2013 Riesa &#8211; ca. 27,6 km\n<\/strong><\/p>\n\n<p><\/p>\n<script type=\"text\/javascript\" src=\"https:\/\/www.outdooractive.com\/de\/embed\/302405252\/js?mw=false\"><\/script>\n\n<p><\/p>\n\n\n<p><strong><span style=\"color: #0000ff;\">Tag 17<\/strong><\/span><\/p>\n\n\n\n<p><strong>16. Etappe: Riesa \u2013 Torgau &#8211; ca. 51,3 km\n<\/strong><\/p>\n\n<p><\/p>\n<script type=\"text\/javascript\" src=\"https:\/\/www.outdooractive.com\/de\/embed\/302406174\/js?mw=false\"><\/script>\n<p><\/p>\n\n\n<p><strong><span style=\"color: #0000ff;\">Tag 18<\/strong><\/span><\/p>\n\n\n\n<p><strong>17. Etappe: Torgau \u2013 Lutherstadt Wittenberg, ca. 69,6 km\n<\/strong><\/p>\n\n<p><\/p>\n<script type=\"text\/javascript\" src=\"https:\/\/www.outdooractive.com\/de\/embed\/302501802\/js?mw=false\"><\/script>\n<p><\/p>\n\n\n<p><strong><span style=\"color: #0000ff;\">Tag 19<\/strong><\/span><\/p>\n\n\n\n<p><strong>18. Etappe: Lutherstadt Wittenberg \u2013 Dessau-Ro\u00dflau, ca. 46,3 km  \n<\/strong><\/p>\n\n<p><\/p>\n<script type=\"text\/javascript\" src=\"https:\/\/www.outdooractive.com\/de\/embed\/303547888\/js?mw=false\"><\/script>\n<p><\/p>\n\n\n<p><strong><span style=\"color: #0000ff;\">Tag 20<\/strong><\/span><\/p>\n\n\n\n<p><strong>19. Etappe: Dessau \u2013 Magdeburg, ca. 84,9 km  \n<\/strong><\/p>\n\n<p><\/p>\n<script type=\"text\/javascript\" src=\"https:\/\/www.outdooractive.com\/de\/embed\/284598050\/js?mw=false\"><\/script>\n<p><\/p>\n\n<p><strong><span style=\"color: #0000ff;\">Tag 21<\/strong><\/span><\/p>\n\n\n\n<p><strong>20. Etappe: Tagesausflug Magdeburg\n<\/strong><\/p>\n\n<p><\/p>\n\n\n<p><strong><span style=\"color: #0000ff;\">Tag 22<\/strong><\/span><\/p>\n\n\n\n<p><strong>21. Etappe: Magdeburg \u2013 Tangerm\u00fcnde, ca. 73,5 km  \n<\/strong><\/p>\n\n<p><\/p>\n<script type=\"text\/javascript\" src=\"https:\/\/www.outdooractive.com\/de\/embed\/284637381\/js?mw=false\"><\/script>\n<p><\/p>\n\n\n<p><strong><span style=\"color: #0000ff;\">Tag 23<\/strong><\/span><\/p>\n\n\n\n<p><strong>22. Etappe: Tangerm\u00fcnde \u2013 Havelberg, ca. 47,3 km \n<\/strong><\/p>\n\n<p><\/p>\n<script type=\"text\/javascript\" src=\"https:\/\/www.outdooractive.com\/de\/embed\/303583763\/js?mw=false\"><\/script>\n<p><\/p>\n\n<p><strong><span style=\"color: #0000ff;\">Tag 24<\/strong><\/span><\/p>\n\n\n\n<p><strong>23. Etappe: Havelberg \u2013 Wittenberge, ca. 40,4 km\n<\/strong><\/p>\n\n<p><\/p>\n<script type=\"text\/javascript\" src=\"https:\/\/www.outdooractive.com\/de\/embed\/303588627\/js?mw=false\"><\/script>\n<p><\/p>\n\n<p><strong><span style=\"color: #0000ff;\">Tag 25<\/strong><\/span><\/p>\n\n\n\n<p><strong>ERW 24. Etappe: Wittenberge \u2013 Hitzacker, ca. 80,4 km\n<\/strong><\/p>\n\n<p><\/p>\n<script type=\"text\/javascript\" src=\"https:\/\/www.outdooractive.com\/de\/embed\/263329669\/js?mw=false\"><\/script>\n\n<p><\/p>\n\n<p><strong><span style=\"color: #0000ff;\">Tag 26<\/strong><\/span><\/p>\n\n<p><\/p>\n\n<p><strong>ERW 25. Etappe: Hitzacker \u2013 Lauenburg, ca. 56,8 km\n<\/strong><\/p>\n\n<p><\/p>\n<script type=\"text\/javascript\" src=\"https:\/\/www.outdooractive.com\/de\/embed\/263330641\/js?mw=false\"><\/script>\n<p><\/p>\n<p><\/p>\n\n<p><strong><span style=\"color: #0000ff;\">Tag 27<\/strong><\/span><\/p>\n\n<p><\/p>\n\n<p><strong>ERW 26. Etappe: Lauenburg \u2013 Hamburg, ca. 64 km\n<\/strong><\/p>\n\n<p><\/p>\n<script type=\"text\/javascript\" src=\"https:\/\/www.outdooractive.com\/de\/embed\/263331217\/js?mw=false\"><\/script>\n<p><\/p>\n\n<p><strong><span style=\"color: #0000ff;\">Tag 28<\/strong><\/span><\/p>\n\n<p><\/p>\n\n<p><strong>27. Etappe: Tagesausflug Hamburg\n<\/strong><\/p>\n\n<p><\/p>\n\n<p><strong><span style=\"color: #0000ff;\">Tag 29<\/strong><\/span><\/p>\n\n<p><\/p>\n\n<p><strong>ERW 28. Etappe: Hamburg \u2013 Stade, ca. 49,1 km\n<\/strong><\/p>\n\n<p><\/p>\n<script type=\"text\/javascript\" src=\"https:\/\/www.outdooractive.com\/de\/embed\/303595347\/js?mw=false\"><\/script>\n<p><\/p>\n\n<p><strong><span style=\"color: #0000ff;\">Tag 30<\/strong><\/span><\/p>\n\n<p><\/p>\n\n<p><strong>ERW 29. Etappe: Stade \u2013 Balje, ca. 51,8 km\n<\/strong><\/p>\n\n<p><\/p>\n<script type=\"text\/javascript\" src=\"https:\/\/www.outdooractive.com\/de\/embed\/303596364\/js?mw=false\"><\/script>\n<p><\/p>\n\n<p><strong><span style=\"color: #0000ff;\">Tag 31<\/strong><\/span><\/p>\n\n<p><\/p>\n\n<p><strong>ERW 30. Etappe: Balje \u2013 Cuxhaven, ca. 39,9 km\n<\/strong><\/p>\n\n<p><\/p>\n<script type=\"text\/javascript\" src=\"https:\/\/www.outdooractive.com\/de\/embed\/303597756\/js?mw=false\"><\/script>\n<p><\/p>\n\n<p><strong><span style=\"color: #0000ff;\">Tag 32<\/strong><\/span><\/p>\n\n\n<p><strong>Abreise von Cuxhaven\n<\/strong><\/p>\n\n<p><\/p>","protected":false},"excerpt":{"rendered":"<p>30 Jahre ELBERADWEGVon der Elbquelle im Riesengebirgenach Cuxhaven &nbsp; Tag 1 Anreise \u0160pindleruv Ml\u00fdn Tag 2 1.1 Etappe: Radwanderung von \u0160pindleruv Ml\u00fdn (Spindlerm\u00fchle) zur Elbbaude, 15,5 km 1.2 Etappe: Wanderung von der Elbbaude zur Elbquelle, 1,0 km 1.3 Etappe: Wanderung &hellip; <a href=\"http:\/\/www.radort-magdeburg.com\/index.php\/touren\/elberadweg\/aktuelles\/\">Weiterlesen <span class=\"meta-nav\">&rarr;<\/span><\/a><\/p>\n","protected":false},"author":1,"featured_media":0,"parent":182,"menu_order":0,"comment_status":"closed","ping_status":"closed","template":"onecolumn-page.php","meta":{"_mc_calendar":[],"footnotes":""},"class_list":["post-1239","page","type-page","status-publish","hentry"],"yoast_head":"<!-- This site is optimized with the Yoast SEO plugin v27.4 - https:\/\/yoast.com\/product\/yoast-seo-wordpress\/ -->\n<title>30 Jahre Elberadweg - radort Magdeburg<\/title>\n<meta name=\"robots\" content=\"index, follow, max-snippet:-1, max-image-preview:large, max-video-preview:-1\" \/>\n<link rel=\"canonical\" href=\"http:\/\/www.radort-magdeburg.com\/index.php\/touren\/elberadweg\/aktuelles\/\" \/>\n<meta property=\"og:locale\" content=\"de_DE\" \/>\n<meta property=\"og:type\" content=\"article\" \/>\n<meta property=\"og:title\" content=\"30 Jahre Elberadweg - radort Magdeburg\" \/>\n<meta property=\"og:description\" content=\"30 Jahre ELBERADWEGVon der Elbquelle im Riesengebirgenach Cuxhaven &nbsp; Tag 1 Anreise \u0160pindleruv Ml\u00fdn Tag 2 1.1 Etappe: Radwanderung von \u0160pindleruv Ml\u00fdn (Spindlerm\u00fchle) zur Elbbaude, 15,5 km 1.2 Etappe: Wanderung von der Elbbaude zur Elbquelle, 1,0 km 1.3 Etappe: Wanderung &hellip; Weiterlesen &rarr;\" \/>\n<meta property=\"og:url\" content=\"http:\/\/www.radort-magdeburg.com\/index.php\/touren\/elberadweg\/aktuelles\/\" \/>\n<meta property=\"og:site_name\" content=\"radort Magdeburg\" \/>\n<meta property=\"article:modified_time\" content=\"2025-12-27T21:44:18+00:00\" \/>\n<meta name=\"twitter:card\" content=\"summary_large_image\" \/>\n<meta name=\"twitter:label1\" content=\"Gesch\u00e4tzte Lesezeit\" \/>\n\t<meta name=\"twitter:data1\" content=\"2\u00a0Minuten\" \/>\n<script type=\"application\/ld+json\" class=\"yoast-schema-graph\">{\"@context\":\"https:\\\/\\\/schema.org\",\"@graph\":[{\"@type\":\"WebPage\",\"@id\":\"http:\\\/\\\/www.radort-magdeburg.com\\\/index.php\\\/touren\\\/elberadweg\\\/aktuelles\\\/\",\"url\":\"http:\\\/\\\/www.radort-magdeburg.com\\\/index.php\\\/touren\\\/elberadweg\\\/aktuelles\\\/\",\"name\":\"30 Jahre Elberadweg - radort Magdeburg\",\"isPartOf\":{\"@id\":\"http:\\\/\\\/www.radort-magdeburg.com\\\/#website\"},\"datePublished\":\"2021-02-18T06:36:31+00:00\",\"dateModified\":\"2025-12-27T21:44:18+00:00\",\"breadcrumb\":{\"@id\":\"http:\\\/\\\/www.radort-magdeburg.com\\\/index.php\\\/touren\\\/elberadweg\\\/aktuelles\\\/#breadcrumb\"},\"inLanguage\":\"de\",\"potentialAction\":[{\"@type\":\"ReadAction\",\"target\":[\"http:\\\/\\\/www.radort-magdeburg.com\\\/index.php\\\/touren\\\/elberadweg\\\/aktuelles\\\/\"]}]},{\"@type\":\"BreadcrumbList\",\"@id\":\"http:\\\/\\\/www.radort-magdeburg.com\\\/index.php\\\/touren\\\/elberadweg\\\/aktuelles\\\/#breadcrumb\",\"itemListElement\":[{\"@type\":\"ListItem\",\"position\":1,\"name\":\"Startseite\",\"item\":\"http:\\\/\\\/www.radort-magdeburg.com\\\/\"},{\"@type\":\"ListItem\",\"position\":2,\"name\":\"Touren\",\"item\":\"http:\\\/\\\/www.radort-magdeburg.com\\\/index.php\\\/touren\\\/\"},{\"@type\":\"ListItem\",\"position\":3,\"name\":\"Elberadweg\",\"item\":\"http:\\\/\\\/www.radort-magdeburg.com\\\/index.php\\\/touren\\\/elberadweg\\\/\"},{\"@type\":\"ListItem\",\"position\":4,\"name\":\"30 Jahre Elberadweg\"}]},{\"@type\":\"WebSite\",\"@id\":\"http:\\\/\\\/www.radort-magdeburg.com\\\/#website\",\"url\":\"http:\\\/\\\/www.radort-magdeburg.com\\\/\",\"name\":\"radort Magdeburg\",\"description\":\"Willkommen in unserer Radreise Region\",\"publisher\":{\"@id\":\"http:\\\/\\\/www.radort-magdeburg.com\\\/#\\\/schema\\\/person\\\/fceedb630e519c36aa801b23ec22d528\"},\"potentialAction\":[{\"@type\":\"SearchAction\",\"target\":{\"@type\":\"EntryPoint\",\"urlTemplate\":\"http:\\\/\\\/www.radort-magdeburg.com\\\/?s={search_term_string}\"},\"query-input\":{\"@type\":\"PropertyValueSpecification\",\"valueRequired\":true,\"valueName\":\"search_term_string\"}}],\"inLanguage\":\"de\"},{\"@type\":[\"Person\",\"Organization\"],\"@id\":\"http:\\\/\\\/www.radort-magdeburg.com\\\/#\\\/schema\\\/person\\\/fceedb630e519c36aa801b23ec22d528\",\"name\":\"radort_admin\",\"image\":{\"@type\":\"ImageObject\",\"inLanguage\":\"de\",\"@id\":\"https:\\\/\\\/secure.gravatar.com\\\/avatar\\\/12470d3a850e60ee25c5330a5f618df727969898bdd3b4cdf8bd2adede7c0dee?s=96&d=mm&r=g\",\"url\":\"https:\\\/\\\/secure.gravatar.com\\\/avatar\\\/12470d3a850e60ee25c5330a5f618df727969898bdd3b4cdf8bd2adede7c0dee?s=96&d=mm&r=g\",\"contentUrl\":\"https:\\\/\\\/secure.gravatar.com\\\/avatar\\\/12470d3a850e60ee25c5330a5f618df727969898bdd3b4cdf8bd2adede7c0dee?s=96&d=mm&r=g\",\"caption\":\"radort_admin\"},\"logo\":{\"@id\":\"https:\\\/\\\/secure.gravatar.com\\\/avatar\\\/12470d3a850e60ee25c5330a5f618df727969898bdd3b4cdf8bd2adede7c0dee?s=96&d=mm&r=g\"},\"sameAs\":[\"http:\\\/\\\/www.radort-magdeburg.com\"]}]}<\/script>\n<!-- \/ Yoast SEO plugin. -->","yoast_head_json":{"title":"30 Jahre Elberadweg - radort Magdeburg","robots":{"index":"index","follow":"follow","max-snippet":"max-snippet:-1","max-image-preview":"max-image-preview:large","max-video-preview":"max-video-preview:-1"},"canonical":"http:\/\/www.radort-magdeburg.com\/index.php\/touren\/elberadweg\/aktuelles\/","og_locale":"de_DE","og_type":"article","og_title":"30 Jahre Elberadweg - radort Magdeburg","og_description":"30 Jahre ELBERADWEGVon der Elbquelle im Riesengebirgenach Cuxhaven &nbsp; Tag 1 Anreise \u0160pindleruv Ml\u00fdn Tag 2 1.1 Etappe: Radwanderung von \u0160pindleruv Ml\u00fdn (Spindlerm\u00fchle) zur Elbbaude, 15,5 km 1.2 Etappe: Wanderung von der Elbbaude zur Elbquelle, 1,0 km 1.3 Etappe: Wanderung &hellip; Weiterlesen &rarr;","og_url":"http:\/\/www.radort-magdeburg.com\/index.php\/touren\/elberadweg\/aktuelles\/","og_site_name":"radort Magdeburg","article_modified_time":"2025-12-27T21:44:18+00:00","twitter_card":"summary_large_image","twitter_misc":{"Gesch\u00e4tzte Lesezeit":"2\u00a0Minuten"},"schema":{"@context":"https:\/\/schema.org","@graph":[{"@type":"WebPage","@id":"http:\/\/www.radort-magdeburg.com\/index.php\/touren\/elberadweg\/aktuelles\/","url":"http:\/\/www.radort-magdeburg.com\/index.php\/touren\/elberadweg\/aktuelles\/","name":"30 Jahre Elberadweg - radort Magdeburg","isPartOf":{"@id":"http:\/\/www.radort-magdeburg.com\/#website"},"datePublished":"2021-02-18T06:36:31+00:00","dateModified":"2025-12-27T21:44:18+00:00","breadcrumb":{"@id":"http:\/\/www.radort-magdeburg.com\/index.php\/touren\/elberadweg\/aktuelles\/#breadcrumb"},"inLanguage":"de","potentialAction":[{"@type":"ReadAction","target":["http:\/\/www.radort-magdeburg.com\/index.php\/touren\/elberadweg\/aktuelles\/"]}]},{"@type":"BreadcrumbList","@id":"http:\/\/www.radort-magdeburg.com\/index.php\/touren\/elberadweg\/aktuelles\/#breadcrumb","itemListElement":[{"@type":"ListItem","position":1,"name":"Startseite","item":"http:\/\/www.radort-magdeburg.com\/"},{"@type":"ListItem","position":2,"name":"Touren","item":"http:\/\/www.radort-magdeburg.com\/index.php\/touren\/"},{"@type":"ListItem","position":3,"name":"Elberadweg","item":"http:\/\/www.radort-magdeburg.com\/index.php\/touren\/elberadweg\/"},{"@type":"ListItem","position":4,"name":"30 Jahre Elberadweg"}]},{"@type":"WebSite","@id":"http:\/\/www.radort-magdeburg.com\/#website","url":"http:\/\/www.radort-magdeburg.com\/","name":"radort Magdeburg","description":"Willkommen in unserer Radreise Region","publisher":{"@id":"http:\/\/www.radort-magdeburg.com\/#\/schema\/person\/fceedb630e519c36aa801b23ec22d528"},"potentialAction":[{"@type":"SearchAction","target":{"@type":"EntryPoint","urlTemplate":"http:\/\/www.radort-magdeburg.com\/?s={search_term_string}"},"query-input":{"@type":"PropertyValueSpecification","valueRequired":true,"valueName":"search_term_string"}}],"inLanguage":"de"},{"@type":["Person","Organization"],"@id":"http:\/\/www.radort-magdeburg.com\/#\/schema\/person\/fceedb630e519c36aa801b23ec22d528","name":"radort_admin","image":{"@type":"ImageObject","inLanguage":"de","@id":"https:\/\/secure.gravatar.com\/avatar\/12470d3a850e60ee25c5330a5f618df727969898bdd3b4cdf8bd2adede7c0dee?s=96&d=mm&r=g","url":"https:\/\/secure.gravatar.com\/avatar\/12470d3a850e60ee25c5330a5f618df727969898bdd3b4cdf8bd2adede7c0dee?s=96&d=mm&r=g","contentUrl":"https:\/\/secure.gravatar.com\/avatar\/12470d3a850e60ee25c5330a5f618df727969898bdd3b4cdf8bd2adede7c0dee?s=96&d=mm&r=g","caption":"radort_admin"},"logo":{"@id":"https:\/\/secure.gravatar.com\/avatar\/12470d3a850e60ee25c5330a5f618df727969898bdd3b4cdf8bd2adede7c0dee?s=96&d=mm&r=g"},"sameAs":["http:\/\/www.radort-magdeburg.com"]}]}},"_links":{"self":[{"href":"http:\/\/www.radort-magdeburg.com\/index.php\/wp-json\/wp\/v2\/pages\/1239","targetHints":{"allow":["GET"]}}],"collection":[{"href":"http:\/\/www.radort-magdeburg.com\/index.php\/wp-json\/wp\/v2\/pages"}],"about":[{"href":"http:\/\/www.radort-magdeburg.com\/index.php\/wp-json\/wp\/v2\/types\/page"}],"author":[{"embeddable":true,"href":"http:\/\/www.radort-magdeburg.com\/index.php\/wp-json\/wp\/v2\/users\/1"}],"replies":[{"embeddable":true,"href":"http:\/\/www.radort-magdeburg.com\/index.php\/wp-json\/wp\/v2\/comments?post=1239"}],"version-history":[{"count":103,"href":"http:\/\/www.radort-magdeburg.com\/index.php\/wp-json\/wp\/v2\/pages\/1239\/revisions"}],"predecessor-version":[{"id":1570,"href":"http:\/\/www.radort-magdeburg.com\/index.php\/wp-json\/wp\/v2\/pages\/1239\/revisions\/1570"}],"up":[{"embeddable":true,"href":"http:\/\/www.radort-magdeburg.com\/index.php\/wp-json\/wp\/v2\/pages\/182"}],"wp:attachment":[{"href":"http:\/\/www.radort-magdeburg.com\/index.php\/wp-json\/wp\/v2\/media?parent=1239"}],"curies":[{"name":"wp","href":"https:\/\/api.w.org\/{rel}","templated":true}]}}