{"id":1571,"date":"2025-05-18T22:10:07","date_gmt":"2025-05-18T20:10:07","guid":{"rendered":"http:\/\/www.radort-magdeburg.com\/?page_id=1571"},"modified":"2025-06-18T03:58:02","modified_gmt":"2025-06-18T01:58:02","slug":"aktuelles-2","status":"publish","type":"page","link":"http:\/\/www.radort-magdeburg.com\/index.php\/aktuelles-2\/","title":{"rendered":"Aktuelles"},"content":{"rendered":"\n\n<h2><strong>Aktuelle Baustellen und Umleitungen am Elberadweg<\/strong><br \/>\n<h2>1. Sperrung zwischen Randau und Magdeburg (Deichsanierung im Kreuzhorst) vom 17.3.2025\u201330.7.2027 (rechtselbisch)\n<script type=\"text\/javascript\" src=\"https:\/\/www.outdooractive.com\/de\/embed\/316130262\/js?mw=false\"><\/script>\n\n<p><\/p>\n\n<h2>2. Neue Hauptroute des Elberadweges durch Magdeburg<br \/> \nDurch den Abriss der Br\u00fccke am Petrif\u00f6rder wurde eine neue Hauptroute des Elberadweges durch Magdeburg festgelegt.\nDie neue Hauptroute wurde ausgeschildert.<p><\/p>\n<p>Routenbeschreibung Richtung Zentrum: <\/p> Am Petrif\u00f6rder weiter geradeaus auf dem Radweg Elbuferpromenade bis zur Ampel am Schleinufer. Hier nach rechts \u00fcber die Stra\u00dfe Schleinufer und der Johannisbergstra\u00dfe folgen. Der Fu\u00dfweg ist f\u00fcr den Radverkehr frei gegeben. An der Jakobstra\u00dfe die Ampelanlage queren und gleich auf der anderen Seite nach links den Radweg nutzen. Nun sind Sie wieder auf der Hauptroute des Elberadweges.<p><\/p>\n<script type=\"text\/javascript\" src=\"https:\/\/www.outdooractive.com\/de\/embed\/318582651\/js?mw=false\"><\/script>\n<p> Routenbeschreibung aus Richtung Zentrum: <\/p>\nAm Allee-Center die Ernst-Reuter-Allee queren und weiter geradeaus bis zur Johannisbegstra\u00dfe. An der Ampel nach rechts die Johannisbergstra\u00dfe hinunter fahren bis zum Schleinufen. Die Stra\u00dfe Schleinufen an der Ampel queren und auf der anderen Seite gleich nach links. Nun befinden Sie sich wieder auf dem Radweg Elbuferpromenade und der Hauptroute des Elberadweges. <p><\/p>\n<script type=\"text\/javascript\" src=\"https:\/\/www.outdooractive.com\/de\/embed\/318582666\/js?mw=false\"><\/script>\n\n<p><\/p>\n\n3. Sperrung Elbdeich bei Niegripp vom 17.3.2025\u201330.11.2026 (rechtselbisch)<br \/><script type=\"text\/javascript\" src=\"https:\/\/www.outdooractive.com\/de\/embed\/316086524\/js?mw=false\"><\/script><\/h2>\n\n\n<p><\/p>\n\n\n<h2>4. Sperrung zwischen Schartau und Blumenthal vom 31.03.25 bis 31.07.26 (rechtselbisch)<\/h2>\n<script type=\"text\/javascript\" src=\"https:\/\/www.outdooractive.com\/de\/embed\/316088865\/js?mw=false\"><\/script>\n\n<p><\/p>\n\n<h2>5. Sperrung zwischen Ferchland und Klietznick vom 1.11.2024\u201331.12.2026 (rechtselbisch)<\/h2>\n<script type=\"text\/javascript\" src=\"https:\/\/www.outdooractive.com\/de\/embed\/317287704\/js?mw=false\"><\/script>\n\n\n<p><\/p>\n\n<h2>6. Sperrung zwischen Beuster und Wanzer (Ausbau A14) vom 11.9.2024\u201330.9.2026 (linkselbisch)<\/h2>\nBeuster nach Wanzer: 76-51-53-86-17-45-56-68-94-28-90<br \/>\n\nWanzer nach Beuster: 90-28-94-68-56-45-17-86-53-51-76<br \/>\n\nDie Knotenpunkte finden Sie entlang der Strecke an den jeweiligen Beschilderungspfeilern. Diese sind rot unterlegt.\n<script type=\"text\/javascript\" src=\"https:\/\/www.outdooractive.com\/de\/embed\/316383679\/js?mw=false\"><\/script>\n\n<p><\/p>\n\n<h2>7. Sperrung zwischen Elbenau Steinhaufen &#8211; Br\u00fccke Elbenauer Landgraben &#8211; Ranies &#8211; Pretziener Wehr (rechtselbisch)<\/h2>\n\n<script type=\"text\/javascript\" src=\"https:\/\/www.outdooractive.com\/de\/embed\/317282795\/js?mw=false\"><\/script>\n\n","protected":false},"excerpt":{"rendered":"<p>Aktuelle Baustellen und Umleitungen am Elberadweg 1. Sperrung zwischen Randau und Magdeburg (Deichsanierung im Kreuzhorst) vom 17.3.2025\u201330.7.2027 (rechtselbisch) 2. Neue Hauptroute des Elberadweges durch Magdeburg Durch den Abriss der Br\u00fccke am Petrif\u00f6rder wurde eine neue Hauptroute des Elberadweges durch Magdeburg &hellip; <a href=\"http:\/\/www.radort-magdeburg.com\/index.php\/aktuelles-2\/\">Weiterlesen <span class=\"meta-nav\">&rarr;<\/span><\/a><\/p>\n","protected":false},"author":1,"featured_media":0,"parent":0,"menu_order":0,"comment_status":"closed","ping_status":"closed","template":"","meta":{"_mc_calendar":[],"footnotes":""},"class_list":["post-1571","page","type-page","status-publish","hentry"],"yoast_head":"<!-- This site is optimized with the Yoast SEO plugin v27.4 - https:\/\/yoast.com\/product\/yoast-seo-wordpress\/ -->\n<title>Aktuelles - radort Magdeburg<\/title>\n<meta name=\"robots\" content=\"index, follow, max-snippet:-1, max-image-preview:large, max-video-preview:-1\" \/>\n<link rel=\"canonical\" href=\"http:\/\/www.radort-magdeburg.com\/index.php\/aktuelles-2\/\" \/>\n<meta property=\"og:locale\" content=\"de_DE\" \/>\n<meta property=\"og:type\" content=\"article\" \/>\n<meta property=\"og:title\" content=\"Aktuelles - radort Magdeburg\" \/>\n<meta property=\"og:description\" content=\"Aktuelle Baustellen und Umleitungen am Elberadweg 1. Sperrung zwischen Randau und Magdeburg (Deichsanierung im Kreuzhorst) vom 17.3.2025\u201330.7.2027 (rechtselbisch) 2. Neue Hauptroute des Elberadweges durch Magdeburg Durch den Abriss der Br\u00fccke am Petrif\u00f6rder wurde eine neue Hauptroute des Elberadweges durch Magdeburg &hellip; Weiterlesen &rarr;\" \/>\n<meta property=\"og:url\" content=\"http:\/\/www.radort-magdeburg.com\/index.php\/aktuelles-2\/\" \/>\n<meta property=\"og:site_name\" content=\"radort Magdeburg\" \/>\n<meta property=\"article:modified_time\" content=\"2025-06-18T01:58:02+00:00\" \/>\n<meta name=\"twitter:card\" content=\"summary_large_image\" \/>\n<meta name=\"twitter:label1\" content=\"Gesch\u00e4tzte Lesezeit\" \/>\n\t<meta name=\"twitter:data1\" content=\"2\u00a0Minuten\" \/>\n<script type=\"application\/ld+json\" class=\"yoast-schema-graph\">{\"@context\":\"https:\\\/\\\/schema.org\",\"@graph\":[{\"@type\":\"WebPage\",\"@id\":\"http:\\\/\\\/www.radort-magdeburg.com\\\/index.php\\\/aktuelles-2\\\/\",\"url\":\"http:\\\/\\\/www.radort-magdeburg.com\\\/index.php\\\/aktuelles-2\\\/\",\"name\":\"Aktuelles - radort Magdeburg\",\"isPartOf\":{\"@id\":\"http:\\\/\\\/www.radort-magdeburg.com\\\/#website\"},\"datePublished\":\"2025-05-18T20:10:07+00:00\",\"dateModified\":\"2025-06-18T01:58:02+00:00\",\"breadcrumb\":{\"@id\":\"http:\\\/\\\/www.radort-magdeburg.com\\\/index.php\\\/aktuelles-2\\\/#breadcrumb\"},\"inLanguage\":\"de\",\"potentialAction\":[{\"@type\":\"ReadAction\",\"target\":[\"http:\\\/\\\/www.radort-magdeburg.com\\\/index.php\\\/aktuelles-2\\\/\"]}]},{\"@type\":\"BreadcrumbList\",\"@id\":\"http:\\\/\\\/www.radort-magdeburg.com\\\/index.php\\\/aktuelles-2\\\/#breadcrumb\",\"itemListElement\":[{\"@type\":\"ListItem\",\"position\":1,\"name\":\"Startseite\",\"item\":\"http:\\\/\\\/www.radort-magdeburg.com\\\/\"},{\"@type\":\"ListItem\",\"position\":2,\"name\":\"Aktuelles\"}]},{\"@type\":\"WebSite\",\"@id\":\"http:\\\/\\\/www.radort-magdeburg.com\\\/#website\",\"url\":\"http:\\\/\\\/www.radort-magdeburg.com\\\/\",\"name\":\"radort Magdeburg\",\"description\":\"Willkommen in unserer Radreise Region\",\"publisher\":{\"@id\":\"http:\\\/\\\/www.radort-magdeburg.com\\\/#\\\/schema\\\/person\\\/fceedb630e519c36aa801b23ec22d528\"},\"potentialAction\":[{\"@type\":\"SearchAction\",\"target\":{\"@type\":\"EntryPoint\",\"urlTemplate\":\"http:\\\/\\\/www.radort-magdeburg.com\\\/?s={search_term_string}\"},\"query-input\":{\"@type\":\"PropertyValueSpecification\",\"valueRequired\":true,\"valueName\":\"search_term_string\"}}],\"inLanguage\":\"de\"},{\"@type\":[\"Person\",\"Organization\"],\"@id\":\"http:\\\/\\\/www.radort-magdeburg.com\\\/#\\\/schema\\\/person\\\/fceedb630e519c36aa801b23ec22d528\",\"name\":\"radort_admin\",\"image\":{\"@type\":\"ImageObject\",\"inLanguage\":\"de\",\"@id\":\"https:\\\/\\\/secure.gravatar.com\\\/avatar\\\/12470d3a850e60ee25c5330a5f618df727969898bdd3b4cdf8bd2adede7c0dee?s=96&d=mm&r=g\",\"url\":\"https:\\\/\\\/secure.gravatar.com\\\/avatar\\\/12470d3a850e60ee25c5330a5f618df727969898bdd3b4cdf8bd2adede7c0dee?s=96&d=mm&r=g\",\"contentUrl\":\"https:\\\/\\\/secure.gravatar.com\\\/avatar\\\/12470d3a850e60ee25c5330a5f618df727969898bdd3b4cdf8bd2adede7c0dee?s=96&d=mm&r=g\",\"caption\":\"radort_admin\"},\"logo\":{\"@id\":\"https:\\\/\\\/secure.gravatar.com\\\/avatar\\\/12470d3a850e60ee25c5330a5f618df727969898bdd3b4cdf8bd2adede7c0dee?s=96&d=mm&r=g\"},\"sameAs\":[\"http:\\\/\\\/www.radort-magdeburg.com\"]}]}<\/script>\n<!-- \/ Yoast SEO plugin. -->","yoast_head_json":{"title":"Aktuelles - radort Magdeburg","robots":{"index":"index","follow":"follow","max-snippet":"max-snippet:-1","max-image-preview":"max-image-preview:large","max-video-preview":"max-video-preview:-1"},"canonical":"http:\/\/www.radort-magdeburg.com\/index.php\/aktuelles-2\/","og_locale":"de_DE","og_type":"article","og_title":"Aktuelles - radort Magdeburg","og_description":"Aktuelle Baustellen und Umleitungen am Elberadweg 1. Sperrung zwischen Randau und Magdeburg (Deichsanierung im Kreuzhorst) vom 17.3.2025\u201330.7.2027 (rechtselbisch) 2. Neue Hauptroute des Elberadweges durch Magdeburg Durch den Abriss der Br\u00fccke am Petrif\u00f6rder wurde eine neue Hauptroute des Elberadweges durch Magdeburg &hellip; Weiterlesen &rarr;","og_url":"http:\/\/www.radort-magdeburg.com\/index.php\/aktuelles-2\/","og_site_name":"radort Magdeburg","article_modified_time":"2025-06-18T01:58:02+00:00","twitter_card":"summary_large_image","twitter_misc":{"Gesch\u00e4tzte Lesezeit":"2\u00a0Minuten"},"schema":{"@context":"https:\/\/schema.org","@graph":[{"@type":"WebPage","@id":"http:\/\/www.radort-magdeburg.com\/index.php\/aktuelles-2\/","url":"http:\/\/www.radort-magdeburg.com\/index.php\/aktuelles-2\/","name":"Aktuelles - radort Magdeburg","isPartOf":{"@id":"http:\/\/www.radort-magdeburg.com\/#website"},"datePublished":"2025-05-18T20:10:07+00:00","dateModified":"2025-06-18T01:58:02+00:00","breadcrumb":{"@id":"http:\/\/www.radort-magdeburg.com\/index.php\/aktuelles-2\/#breadcrumb"},"inLanguage":"de","potentialAction":[{"@type":"ReadAction","target":["http:\/\/www.radort-magdeburg.com\/index.php\/aktuelles-2\/"]}]},{"@type":"BreadcrumbList","@id":"http:\/\/www.radort-magdeburg.com\/index.php\/aktuelles-2\/#breadcrumb","itemListElement":[{"@type":"ListItem","position":1,"name":"Startseite","item":"http:\/\/www.radort-magdeburg.com\/"},{"@type":"ListItem","position":2,"name":"Aktuelles"}]},{"@type":"WebSite","@id":"http:\/\/www.radort-magdeburg.com\/#website","url":"http:\/\/www.radort-magdeburg.com\/","name":"radort Magdeburg","description":"Willkommen in unserer Radreise Region","publisher":{"@id":"http:\/\/www.radort-magdeburg.com\/#\/schema\/person\/fceedb630e519c36aa801b23ec22d528"},"potentialAction":[{"@type":"SearchAction","target":{"@type":"EntryPoint","urlTemplate":"http:\/\/www.radort-magdeburg.com\/?s={search_term_string}"},"query-input":{"@type":"PropertyValueSpecification","valueRequired":true,"valueName":"search_term_string"}}],"inLanguage":"de"},{"@type":["Person","Organization"],"@id":"http:\/\/www.radort-magdeburg.com\/#\/schema\/person\/fceedb630e519c36aa801b23ec22d528","name":"radort_admin","image":{"@type":"ImageObject","inLanguage":"de","@id":"https:\/\/secure.gravatar.com\/avatar\/12470d3a850e60ee25c5330a5f618df727969898bdd3b4cdf8bd2adede7c0dee?s=96&d=mm&r=g","url":"https:\/\/secure.gravatar.com\/avatar\/12470d3a850e60ee25c5330a5f618df727969898bdd3b4cdf8bd2adede7c0dee?s=96&d=mm&r=g","contentUrl":"https:\/\/secure.gravatar.com\/avatar\/12470d3a850e60ee25c5330a5f618df727969898bdd3b4cdf8bd2adede7c0dee?s=96&d=mm&r=g","caption":"radort_admin"},"logo":{"@id":"https:\/\/secure.gravatar.com\/avatar\/12470d3a850e60ee25c5330a5f618df727969898bdd3b4cdf8bd2adede7c0dee?s=96&d=mm&r=g"},"sameAs":["http:\/\/www.radort-magdeburg.com"]}]}},"_links":{"self":[{"href":"http:\/\/www.radort-magdeburg.com\/index.php\/wp-json\/wp\/v2\/pages\/1571","targetHints":{"allow":["GET"]}}],"collection":[{"href":"http:\/\/www.radort-magdeburg.com\/index.php\/wp-json\/wp\/v2\/pages"}],"about":[{"href":"http:\/\/www.radort-magdeburg.com\/index.php\/wp-json\/wp\/v2\/types\/page"}],"author":[{"embeddable":true,"href":"http:\/\/www.radort-magdeburg.com\/index.php\/wp-json\/wp\/v2\/users\/1"}],"replies":[{"embeddable":true,"href":"http:\/\/www.radort-magdeburg.com\/index.php\/wp-json\/wp\/v2\/comments?post=1571"}],"version-history":[{"count":38,"href":"http:\/\/www.radort-magdeburg.com\/index.php\/wp-json\/wp\/v2\/pages\/1571\/revisions"}],"predecessor-version":[{"id":1667,"href":"http:\/\/www.radort-magdeburg.com\/index.php\/wp-json\/wp\/v2\/pages\/1571\/revisions\/1667"}],"wp:attachment":[{"href":"http:\/\/www.radort-magdeburg.com\/index.php\/wp-json\/wp\/v2\/media?parent=1571"}],"curies":[{"name":"wp","href":"https:\/\/api.w.org\/{rel}","templated":true}]}}