{"id":1675,"date":"2025-12-14T14:01:39","date_gmt":"2025-12-14T13:01:39","guid":{"rendered":"http:\/\/www.radort-magdeburg.com\/?page_id=1675"},"modified":"2025-12-14T14:55:04","modified_gmt":"2025-12-14T13:55:04","slug":"deutsch-deutscher-radweg","status":"publish","type":"page","link":"http:\/\/www.radort-magdeburg.com\/index.php\/touren\/deutsch-deutscher-radweg\/","title":{"rendered":"Deutsch-Deutscher Radweg"},"content":{"rendered":"\n<p>Iron Curtain Trail<\/p>\n\n\n\n<p>Am gr\u00fcnen Band von der Ostsee zur tschechischen Grenze<\/p>\n\n\n\n<p><strong>Tag 1<\/strong><\/p>\n\n\n\n<p>Anreise: Die Anreise erfolgt mit der Bahn von Magdeburg \u00fcber L\u00fcbeck nach Travem\u00fcnde-Hafen<\/p>\n\n\n\n<p><strong>Tag 2<\/strong><\/p>\n\n\n\n<p><strong>Von Travem\u00fcnde nach Ratzeburg, 74 km<\/strong><\/p>\n\n\n\n<p>Von Travem\u00fcnde\/Priwall nach L\u00fcbeck, 46,5 km<\/p>\n\n\n\n<p>Von L\u00fcbeck nach Ratzeburg, 27,5 km<\/p>\n\n\n\n<p><strong>Tag 3<\/strong><\/p>\n\n\n\n<p><strong>Von Ratzeburg nach Lauenburg, 83 km<\/strong><\/p>\n\n\n\n<p>Von Ratzeburg nach Zarrentin, 42 km<\/p>\n\n\n\n<p>Von Zarrentin nach Lauenburg, 41 km<\/p>\n\n\n\n<p><strong>Tag 4<\/strong><\/p>\n\n\n\n<p><strong>Von Lauenburg nach Herrenhof\/Hitzacker, 53 km<\/strong><\/p>\n\n\n\n<p>Von Lauenburg nach Bleckede\/Neu Bleckede, 23,5 km<\/p>\n\n\n\n<p>Von Belckede\/Neu Bleckede nach Herrenhof\/Hitzacker, 29,5 km<\/p>\n\n\n\n<p><strong>Tag 5<\/strong><\/p>\n\n\n\n<p><strong>Von Herrenhof\/Hitzacker nach Schnackenburg\/Wittenberge, 60 km<\/strong><\/p>\n\n\n\n<p>Von Herrenhof\/Hitzacker nach D\u00f6mitz\/Kaltenhof, 19 km<\/p>\n\n\n\n<p>Von D\u00f6mitz\/Kaltenhof nach Gorlegen, 19,5 km<\/p>\n\n\n\n<p>Von Gorlegen nach Schnackenburg\/Wittenberge, 21,5 km<\/p>\n\n\n\n<p><strong>Tag 6<\/strong><\/p>\n\n\n\n<p><strong>Von Schnackenburg\/Wittenberge nach Wustrow, 70 km<\/strong><\/p>\n\n\n\n<p>Von Schnackenburg\/Wittenberge nach Salzwedel, 50 km<\/p>\n\n\n\n<p>Von Salzwedel nach Wustrow, 20 km<\/p>\n\n\n\n<p><strong>Tag 7<\/strong><\/p>\n\n\n\n<p><strong>Von Wustrow nach Wolfsburg\/Oebisfelde, 97 km<\/strong><\/p>\n\n\n\n<p>Von Wustrow nach Schnega, 27,5 km<\/p>\n\n\n\n<p>Von Schnega nach Brome, 40,5 km<\/p>\n\n\n\n<p>Von Brome nach Wolfsburg\/Oebisfelde, 29 km<\/p>\n","protected":false},"excerpt":{"rendered":"<p>Iron Curtain Trail Am gr\u00fcnen Band von der Ostsee zur tschechischen Grenze Tag 1 Anreise: Die Anreise erfolgt mit der Bahn von Magdeburg \u00fcber L\u00fcbeck nach Travem\u00fcnde-Hafen Tag 2 Von Travem\u00fcnde nach Ratzeburg, 74 km Von Travem\u00fcnde\/Priwall nach L\u00fcbeck, 46,5 &hellip; <a href=\"http:\/\/www.radort-magdeburg.com\/index.php\/touren\/deutsch-deutscher-radweg\/\">Weiterlesen <span class=\"meta-nav\">&rarr;<\/span><\/a><\/p>\n","protected":false},"author":1,"featured_media":0,"parent":677,"menu_order":0,"comment_status":"closed","ping_status":"closed","template":"","meta":{"_mc_calendar":[],"footnotes":""},"class_list":["post-1675","page","type-page","status-publish","hentry"],"yoast_head":"<!-- This site is optimized with the Yoast SEO plugin v27.4 - https:\/\/yoast.com\/product\/yoast-seo-wordpress\/ -->\n<title>Deutsch-Deutscher Radweg - radort Magdeburg<\/title>\n<meta name=\"robots\" content=\"index, follow, max-snippet:-1, max-image-preview:large, max-video-preview:-1\" \/>\n<link rel=\"canonical\" href=\"http:\/\/www.radort-magdeburg.com\/index.php\/touren\/deutsch-deutscher-radweg\/\" \/>\n<meta property=\"og:locale\" content=\"de_DE\" \/>\n<meta property=\"og:type\" content=\"article\" \/>\n<meta property=\"og:title\" content=\"Deutsch-Deutscher Radweg - radort Magdeburg\" \/>\n<meta property=\"og:description\" content=\"Iron Curtain Trail Am gr\u00fcnen Band von der Ostsee zur tschechischen Grenze Tag 1 Anreise: Die Anreise erfolgt mit der Bahn von Magdeburg \u00fcber L\u00fcbeck nach Travem\u00fcnde-Hafen Tag 2 Von Travem\u00fcnde nach Ratzeburg, 74 km Von Travem\u00fcnde\/Priwall nach L\u00fcbeck, 46,5 &hellip; Weiterlesen &rarr;\" \/>\n<meta property=\"og:url\" content=\"http:\/\/www.radort-magdeburg.com\/index.php\/touren\/deutsch-deutscher-radweg\/\" \/>\n<meta property=\"og:site_name\" content=\"radort Magdeburg\" \/>\n<meta property=\"article:modified_time\" content=\"2025-12-14T13:55:04+00:00\" \/>\n<meta name=\"twitter:card\" content=\"summary_large_image\" \/>\n<meta name=\"twitter:label1\" content=\"Gesch\u00e4tzte Lesezeit\" \/>\n\t<meta name=\"twitter:data1\" content=\"1\u00a0Minute\" \/>\n<script type=\"application\/ld+json\" class=\"yoast-schema-graph\">{\"@context\":\"https:\\\/\\\/schema.org\",\"@graph\":[{\"@type\":\"WebPage\",\"@id\":\"http:\\\/\\\/www.radort-magdeburg.com\\\/index.php\\\/touren\\\/deutsch-deutscher-radweg\\\/\",\"url\":\"http:\\\/\\\/www.radort-magdeburg.com\\\/index.php\\\/touren\\\/deutsch-deutscher-radweg\\\/\",\"name\":\"Deutsch-Deutscher Radweg - radort Magdeburg\",\"isPartOf\":{\"@id\":\"http:\\\/\\\/www.radort-magdeburg.com\\\/#website\"},\"datePublished\":\"2025-12-14T13:01:39+00:00\",\"dateModified\":\"2025-12-14T13:55:04+00:00\",\"breadcrumb\":{\"@id\":\"http:\\\/\\\/www.radort-magdeburg.com\\\/index.php\\\/touren\\\/deutsch-deutscher-radweg\\\/#breadcrumb\"},\"inLanguage\":\"de\",\"potentialAction\":[{\"@type\":\"ReadAction\",\"target\":[\"http:\\\/\\\/www.radort-magdeburg.com\\\/index.php\\\/touren\\\/deutsch-deutscher-radweg\\\/\"]}]},{\"@type\":\"BreadcrumbList\",\"@id\":\"http:\\\/\\\/www.radort-magdeburg.com\\\/index.php\\\/touren\\\/deutsch-deutscher-radweg\\\/#breadcrumb\",\"itemListElement\":[{\"@type\":\"ListItem\",\"position\":1,\"name\":\"Startseite\",\"item\":\"http:\\\/\\\/www.radort-magdeburg.com\\\/\"},{\"@type\":\"ListItem\",\"position\":2,\"name\":\"Touren\",\"item\":\"http:\\\/\\\/www.radort-magdeburg.com\\\/index.php\\\/touren\\\/\"},{\"@type\":\"ListItem\",\"position\":3,\"name\":\"Deutsch-Deutscher Radweg\"}]},{\"@type\":\"WebSite\",\"@id\":\"http:\\\/\\\/www.radort-magdeburg.com\\\/#website\",\"url\":\"http:\\\/\\\/www.radort-magdeburg.com\\\/\",\"name\":\"radort Magdeburg\",\"description\":\"Willkommen in unserer Radreise Region\",\"publisher\":{\"@id\":\"http:\\\/\\\/www.radort-magdeburg.com\\\/#\\\/schema\\\/person\\\/fceedb630e519c36aa801b23ec22d528\"},\"potentialAction\":[{\"@type\":\"SearchAction\",\"target\":{\"@type\":\"EntryPoint\",\"urlTemplate\":\"http:\\\/\\\/www.radort-magdeburg.com\\\/?s={search_term_string}\"},\"query-input\":{\"@type\":\"PropertyValueSpecification\",\"valueRequired\":true,\"valueName\":\"search_term_string\"}}],\"inLanguage\":\"de\"},{\"@type\":[\"Person\",\"Organization\"],\"@id\":\"http:\\\/\\\/www.radort-magdeburg.com\\\/#\\\/schema\\\/person\\\/fceedb630e519c36aa801b23ec22d528\",\"name\":\"radort_admin\",\"image\":{\"@type\":\"ImageObject\",\"inLanguage\":\"de\",\"@id\":\"https:\\\/\\\/secure.gravatar.com\\\/avatar\\\/12470d3a850e60ee25c5330a5f618df727969898bdd3b4cdf8bd2adede7c0dee?s=96&d=mm&r=g\",\"url\":\"https:\\\/\\\/secure.gravatar.com\\\/avatar\\\/12470d3a850e60ee25c5330a5f618df727969898bdd3b4cdf8bd2adede7c0dee?s=96&d=mm&r=g\",\"contentUrl\":\"https:\\\/\\\/secure.gravatar.com\\\/avatar\\\/12470d3a850e60ee25c5330a5f618df727969898bdd3b4cdf8bd2adede7c0dee?s=96&d=mm&r=g\",\"caption\":\"radort_admin\"},\"logo\":{\"@id\":\"https:\\\/\\\/secure.gravatar.com\\\/avatar\\\/12470d3a850e60ee25c5330a5f618df727969898bdd3b4cdf8bd2adede7c0dee?s=96&d=mm&r=g\"},\"sameAs\":[\"http:\\\/\\\/www.radort-magdeburg.com\"]}]}<\/script>\n<!-- \/ Yoast SEO plugin. -->","yoast_head_json":{"title":"Deutsch-Deutscher Radweg - radort Magdeburg","robots":{"index":"index","follow":"follow","max-snippet":"max-snippet:-1","max-image-preview":"max-image-preview:large","max-video-preview":"max-video-preview:-1"},"canonical":"http:\/\/www.radort-magdeburg.com\/index.php\/touren\/deutsch-deutscher-radweg\/","og_locale":"de_DE","og_type":"article","og_title":"Deutsch-Deutscher Radweg - radort Magdeburg","og_description":"Iron Curtain Trail Am gr\u00fcnen Band von der Ostsee zur tschechischen Grenze Tag 1 Anreise: Die Anreise erfolgt mit der Bahn von Magdeburg \u00fcber L\u00fcbeck nach Travem\u00fcnde-Hafen Tag 2 Von Travem\u00fcnde nach Ratzeburg, 74 km Von Travem\u00fcnde\/Priwall nach L\u00fcbeck, 46,5 &hellip; Weiterlesen &rarr;","og_url":"http:\/\/www.radort-magdeburg.com\/index.php\/touren\/deutsch-deutscher-radweg\/","og_site_name":"radort Magdeburg","article_modified_time":"2025-12-14T13:55:04+00:00","twitter_card":"summary_large_image","twitter_misc":{"Gesch\u00e4tzte Lesezeit":"1\u00a0Minute"},"schema":{"@context":"https:\/\/schema.org","@graph":[{"@type":"WebPage","@id":"http:\/\/www.radort-magdeburg.com\/index.php\/touren\/deutsch-deutscher-radweg\/","url":"http:\/\/www.radort-magdeburg.com\/index.php\/touren\/deutsch-deutscher-radweg\/","name":"Deutsch-Deutscher Radweg - radort Magdeburg","isPartOf":{"@id":"http:\/\/www.radort-magdeburg.com\/#website"},"datePublished":"2025-12-14T13:01:39+00:00","dateModified":"2025-12-14T13:55:04+00:00","breadcrumb":{"@id":"http:\/\/www.radort-magdeburg.com\/index.php\/touren\/deutsch-deutscher-radweg\/#breadcrumb"},"inLanguage":"de","potentialAction":[{"@type":"ReadAction","target":["http:\/\/www.radort-magdeburg.com\/index.php\/touren\/deutsch-deutscher-radweg\/"]}]},{"@type":"BreadcrumbList","@id":"http:\/\/www.radort-magdeburg.com\/index.php\/touren\/deutsch-deutscher-radweg\/#breadcrumb","itemListElement":[{"@type":"ListItem","position":1,"name":"Startseite","item":"http:\/\/www.radort-magdeburg.com\/"},{"@type":"ListItem","position":2,"name":"Touren","item":"http:\/\/www.radort-magdeburg.com\/index.php\/touren\/"},{"@type":"ListItem","position":3,"name":"Deutsch-Deutscher Radweg"}]},{"@type":"WebSite","@id":"http:\/\/www.radort-magdeburg.com\/#website","url":"http:\/\/www.radort-magdeburg.com\/","name":"radort Magdeburg","description":"Willkommen in unserer Radreise Region","publisher":{"@id":"http:\/\/www.radort-magdeburg.com\/#\/schema\/person\/fceedb630e519c36aa801b23ec22d528"},"potentialAction":[{"@type":"SearchAction","target":{"@type":"EntryPoint","urlTemplate":"http:\/\/www.radort-magdeburg.com\/?s={search_term_string}"},"query-input":{"@type":"PropertyValueSpecification","valueRequired":true,"valueName":"search_term_string"}}],"inLanguage":"de"},{"@type":["Person","Organization"],"@id":"http:\/\/www.radort-magdeburg.com\/#\/schema\/person\/fceedb630e519c36aa801b23ec22d528","name":"radort_admin","image":{"@type":"ImageObject","inLanguage":"de","@id":"https:\/\/secure.gravatar.com\/avatar\/12470d3a850e60ee25c5330a5f618df727969898bdd3b4cdf8bd2adede7c0dee?s=96&d=mm&r=g","url":"https:\/\/secure.gravatar.com\/avatar\/12470d3a850e60ee25c5330a5f618df727969898bdd3b4cdf8bd2adede7c0dee?s=96&d=mm&r=g","contentUrl":"https:\/\/secure.gravatar.com\/avatar\/12470d3a850e60ee25c5330a5f618df727969898bdd3b4cdf8bd2adede7c0dee?s=96&d=mm&r=g","caption":"radort_admin"},"logo":{"@id":"https:\/\/secure.gravatar.com\/avatar\/12470d3a850e60ee25c5330a5f618df727969898bdd3b4cdf8bd2adede7c0dee?s=96&d=mm&r=g"},"sameAs":["http:\/\/www.radort-magdeburg.com"]}]}},"_links":{"self":[{"href":"http:\/\/www.radort-magdeburg.com\/index.php\/wp-json\/wp\/v2\/pages\/1675","targetHints":{"allow":["GET"]}}],"collection":[{"href":"http:\/\/www.radort-magdeburg.com\/index.php\/wp-json\/wp\/v2\/pages"}],"about":[{"href":"http:\/\/www.radort-magdeburg.com\/index.php\/wp-json\/wp\/v2\/types\/page"}],"author":[{"embeddable":true,"href":"http:\/\/www.radort-magdeburg.com\/index.php\/wp-json\/wp\/v2\/users\/1"}],"replies":[{"embeddable":true,"href":"http:\/\/www.radort-magdeburg.com\/index.php\/wp-json\/wp\/v2\/comments?post=1675"}],"version-history":[{"count":9,"href":"http:\/\/www.radort-magdeburg.com\/index.php\/wp-json\/wp\/v2\/pages\/1675\/revisions"}],"predecessor-version":[{"id":1692,"href":"http:\/\/www.radort-magdeburg.com\/index.php\/wp-json\/wp\/v2\/pages\/1675\/revisions\/1692"}],"up":[{"embeddable":true,"href":"http:\/\/www.radort-magdeburg.com\/index.php\/wp-json\/wp\/v2\/pages\/677"}],"wp:attachment":[{"href":"http:\/\/www.radort-magdeburg.com\/index.php\/wp-json\/wp\/v2\/media?parent=1675"}],"curies":[{"name":"wp","href":"https:\/\/api.w.org\/{rel}","templated":true}]}}