{"id":212,"date":"2020-04-03T13:36:05","date_gmt":"2020-04-03T11:36:05","guid":{"rendered":"http:\/\/www.radort-magdeburg.com\/?page_id=212"},"modified":"2020-04-05T20:18:06","modified_gmt":"2020-04-05T18:18:06","slug":"beschilderung","status":"publish","type":"page","link":"http:\/\/www.radort-magdeburg.com\/index.php\/touren\/elberadweg\/beschilderung\/","title":{"rendered":"Beschilderung"},"content":{"rendered":"\n<p>Das Elberadweg &#8211; Logo weist Ihnen den Weg.<\/p>\n\n\n\n<p><\/p>\n\n\n\n<p>Zu 80 % verl\u00e4uft die Strecke auf einem eigenst\u00e4ndigen Radweg. Die \u00fcberwiegend asphaltierte Oberfl\u00e4che ist gut bis sehr gut zu befahren. <\/p>\n\n\n\n<p>Von Prag bis zur M\u00fcndung des Elbe gibt es nur einen geringen H\u00f6henunterschied.<\/p>\n\n\n\n<p>Die Beschilderung Elberadweg\/Radroute Nr. 2 beginnt bzw. endet bei der Talstation des <a href=\"https:\/\/smex-ctp.trendmicro.com:443\/wis\/clicktime\/v1\/query?url=https%3a%2f%2fwww.herlikovice.cz%2fen%2fleto%2flanovka%2dna%2dzaly%2f&amp;umid=2dd6b195-342f-402f-bebd-2e84918f4441&amp;auth=07b495c953415041e20430514a2ec690f658d606-f465e424d64eb3fb177edc116bc6ca45b8b87d27\">Sessellifts nach \u017dal\u00fd<\/a> in Vrchlab\u00ed &#8211; Herl\u00edkovice. Danach kann man mit dem Sessellift auf den \u017dal\u00fd (1.019 M. \u00fc. M., Fahrradmitnahme) fahren und mit dem Fahrrad auf markierter Riesengebirge-Radroute K10 nach Benecko und anschlie\u00dfend die Riesengebirge-Radroute K&nbsp;13 nach T\u0159\u00eddom\u00ed radeln. Von hier kommt man auf der Riesengebirge-Radroute K11 bis nach Spindlerm\u00fchle.<\/p>\n\n\n\n<p>Alternativ kann man die <strong>touristischen&nbsp;<a href=\"https:\/\/smex-ctp.trendmicro.com:443\/wis\/clicktime\/v1\/query?url=http%3a%2f%2fwww.krkonose.eu%2fde%2fcyklobusy&amp;umid=2dd6b195-342f-402f-bebd-2e84918f4441&amp;auth=07b495c953415041e20430514a2ec690f658d606-49afe6ed5f23c0948d1656e48120fd46b7ff3e24\">Fahrradbusse<\/a><\/strong> aus <strong>Vrchlabi <\/strong>nach<strong> Spindlerm\u00fchle<\/strong> in der Hauptsaison (Juni-September) nutzen.<\/p>\n\n\n\n<p>Die Elbquelle liegt auf 1.386 M. \u00fc. M. Ab Spindlerm\u00fchle empfiehlt sich z.B. die Auffahrt mit dem <a href=\"https:\/\/smex-ctp.trendmicro.com:443\/wis\/clicktime\/v1\/query?url=http%3a%2f%2fwww.lanovka%2dmedvedin.cz%2fseilbahn%2f&amp;umid=2dd6b195-342f-402f-bebd-2e84918f4441&amp;auth=07b495c953415041e20430514a2ec690f658d606-eb77f38d9a4d8a58c7f012c9122849947659d296\">Sessellift zum Medv\u011bd\u00edn<\/a> (1.235 M. \u00fc. M.). Der Lift transportiert auch Fahrr\u00e4der. Von dort geht es per Rad auf der Masaryk-Bergstra\u00dfe hin\u00fcber \u00fcber Vrbata Baude zur <strong>Elbbaude<\/strong>.<\/p>\n\n\n\n<p>Dort k\u00f6nnen die R\u00e4der sicher abgestellt werden, denn die letzten 500 Meter im Nationalpark Riesengebirge muss man zu Fu\u00df absolvieren. Eine Radfahrt bis zur Elbquelle ist nicht erlaubt.<\/p>\n\n\n\n<p>Zur\u00fcck nach <strong>Vrchlab\u00ed<\/strong> kann man auf der Riesengebirge-Radroute K13 \u00fcber Horn\u00ed M\u00edse\u010dky nach Benecko und weiter via K\u0159\u00ed\u017eovky nach Vrchlab\u00ed abfahren.<\/p>\n","protected":false},"excerpt":{"rendered":"<p>Das Elberadweg &#8211; Logo weist Ihnen den Weg. Zu 80 % verl\u00e4uft die Strecke auf einem eigenst\u00e4ndigen Radweg. Die \u00fcberwiegend asphaltierte Oberfl\u00e4che ist gut bis sehr gut zu befahren. Von Prag bis zur M\u00fcndung des Elbe gibt es nur einen &hellip; <a href=\"http:\/\/www.radort-magdeburg.com\/index.php\/touren\/elberadweg\/beschilderung\/\">Weiterlesen <span class=\"meta-nav\">&rarr;<\/span><\/a><\/p>\n","protected":false},"author":1,"featured_media":0,"parent":182,"menu_order":0,"comment_status":"closed","ping_status":"closed","template":"","meta":{"_mc_calendar":[],"footnotes":""},"class_list":["post-212","page","type-page","status-publish","hentry"],"yoast_head":"<!-- This site is optimized with the Yoast SEO plugin v27.5 - https:\/\/yoast.com\/product\/yoast-seo-wordpress\/ -->\n<title>Beschilderung - radort Magdeburg<\/title>\n<meta name=\"robots\" content=\"index, follow, max-snippet:-1, max-image-preview:large, max-video-preview:-1\" \/>\n<link rel=\"canonical\" href=\"http:\/\/www.radort-magdeburg.com\/index.php\/touren\/elberadweg\/beschilderung\/\" \/>\n<meta property=\"og:locale\" content=\"de_DE\" \/>\n<meta property=\"og:type\" content=\"article\" \/>\n<meta property=\"og:title\" content=\"Beschilderung - radort Magdeburg\" \/>\n<meta property=\"og:description\" content=\"Das Elberadweg &#8211; Logo weist Ihnen den Weg. Zu 80 % verl\u00e4uft die Strecke auf einem eigenst\u00e4ndigen Radweg. Die \u00fcberwiegend asphaltierte Oberfl\u00e4che ist gut bis sehr gut zu befahren. Von Prag bis zur M\u00fcndung des Elbe gibt es nur einen &hellip; Weiterlesen &rarr;\" \/>\n<meta property=\"og:url\" content=\"http:\/\/www.radort-magdeburg.com\/index.php\/touren\/elberadweg\/beschilderung\/\" \/>\n<meta property=\"og:site_name\" content=\"radort Magdeburg\" \/>\n<meta property=\"article:modified_time\" content=\"2020-04-05T18:18:06+00:00\" \/>\n<meta name=\"twitter:card\" content=\"summary_large_image\" \/>\n<meta name=\"twitter:label1\" content=\"Gesch\u00e4tzte Lesezeit\" \/>\n\t<meta name=\"twitter:data1\" content=\"1\u00a0Minute\" \/>\n<script type=\"application\/ld+json\" class=\"yoast-schema-graph\">{\"@context\":\"https:\\\/\\\/schema.org\",\"@graph\":[{\"@type\":\"WebPage\",\"@id\":\"http:\\\/\\\/www.radort-magdeburg.com\\\/index.php\\\/touren\\\/elberadweg\\\/beschilderung\\\/\",\"url\":\"http:\\\/\\\/www.radort-magdeburg.com\\\/index.php\\\/touren\\\/elberadweg\\\/beschilderung\\\/\",\"name\":\"Beschilderung - radort Magdeburg\",\"isPartOf\":{\"@id\":\"http:\\\/\\\/www.radort-magdeburg.com\\\/#website\"},\"datePublished\":\"2020-04-03T11:36:05+00:00\",\"dateModified\":\"2020-04-05T18:18:06+00:00\",\"breadcrumb\":{\"@id\":\"http:\\\/\\\/www.radort-magdeburg.com\\\/index.php\\\/touren\\\/elberadweg\\\/beschilderung\\\/#breadcrumb\"},\"inLanguage\":\"de\",\"potentialAction\":[{\"@type\":\"ReadAction\",\"target\":[\"http:\\\/\\\/www.radort-magdeburg.com\\\/index.php\\\/touren\\\/elberadweg\\\/beschilderung\\\/\"]}]},{\"@type\":\"BreadcrumbList\",\"@id\":\"http:\\\/\\\/www.radort-magdeburg.com\\\/index.php\\\/touren\\\/elberadweg\\\/beschilderung\\\/#breadcrumb\",\"itemListElement\":[{\"@type\":\"ListItem\",\"position\":1,\"name\":\"Startseite\",\"item\":\"http:\\\/\\\/www.radort-magdeburg.com\\\/\"},{\"@type\":\"ListItem\",\"position\":2,\"name\":\"Touren\",\"item\":\"http:\\\/\\\/www.radort-magdeburg.com\\\/index.php\\\/touren\\\/\"},{\"@type\":\"ListItem\",\"position\":3,\"name\":\"Elberadweg\",\"item\":\"http:\\\/\\\/www.radort-magdeburg.com\\\/index.php\\\/touren\\\/elberadweg\\\/\"},{\"@type\":\"ListItem\",\"position\":4,\"name\":\"Beschilderung\"}]},{\"@type\":\"WebSite\",\"@id\":\"http:\\\/\\\/www.radort-magdeburg.com\\\/#website\",\"url\":\"http:\\\/\\\/www.radort-magdeburg.com\\\/\",\"name\":\"radort Magdeburg\",\"description\":\"Willkommen in unserer Radreise Region\",\"publisher\":{\"@id\":\"http:\\\/\\\/www.radort-magdeburg.com\\\/#\\\/schema\\\/person\\\/fceedb630e519c36aa801b23ec22d528\"},\"potentialAction\":[{\"@type\":\"SearchAction\",\"target\":{\"@type\":\"EntryPoint\",\"urlTemplate\":\"http:\\\/\\\/www.radort-magdeburg.com\\\/?s={search_term_string}\"},\"query-input\":{\"@type\":\"PropertyValueSpecification\",\"valueRequired\":true,\"valueName\":\"search_term_string\"}}],\"inLanguage\":\"de\"},{\"@type\":[\"Person\",\"Organization\"],\"@id\":\"http:\\\/\\\/www.radort-magdeburg.com\\\/#\\\/schema\\\/person\\\/fceedb630e519c36aa801b23ec22d528\",\"name\":\"radort_admin\",\"image\":{\"@type\":\"ImageObject\",\"inLanguage\":\"de\",\"@id\":\"https:\\\/\\\/secure.gravatar.com\\\/avatar\\\/12470d3a850e60ee25c5330a5f618df727969898bdd3b4cdf8bd2adede7c0dee?s=96&d=mm&r=g\",\"url\":\"https:\\\/\\\/secure.gravatar.com\\\/avatar\\\/12470d3a850e60ee25c5330a5f618df727969898bdd3b4cdf8bd2adede7c0dee?s=96&d=mm&r=g\",\"contentUrl\":\"https:\\\/\\\/secure.gravatar.com\\\/avatar\\\/12470d3a850e60ee25c5330a5f618df727969898bdd3b4cdf8bd2adede7c0dee?s=96&d=mm&r=g\",\"caption\":\"radort_admin\"},\"logo\":{\"@id\":\"https:\\\/\\\/secure.gravatar.com\\\/avatar\\\/12470d3a850e60ee25c5330a5f618df727969898bdd3b4cdf8bd2adede7c0dee?s=96&d=mm&r=g\"},\"sameAs\":[\"http:\\\/\\\/www.radort-magdeburg.com\"]}]}<\/script>\n<!-- \/ Yoast SEO plugin. -->","yoast_head_json":{"title":"Beschilderung - radort Magdeburg","robots":{"index":"index","follow":"follow","max-snippet":"max-snippet:-1","max-image-preview":"max-image-preview:large","max-video-preview":"max-video-preview:-1"},"canonical":"http:\/\/www.radort-magdeburg.com\/index.php\/touren\/elberadweg\/beschilderung\/","og_locale":"de_DE","og_type":"article","og_title":"Beschilderung - radort Magdeburg","og_description":"Das Elberadweg &#8211; Logo weist Ihnen den Weg. Zu 80 % verl\u00e4uft die Strecke auf einem eigenst\u00e4ndigen Radweg. Die \u00fcberwiegend asphaltierte Oberfl\u00e4che ist gut bis sehr gut zu befahren. Von Prag bis zur M\u00fcndung des Elbe gibt es nur einen &hellip; Weiterlesen &rarr;","og_url":"http:\/\/www.radort-magdeburg.com\/index.php\/touren\/elberadweg\/beschilderung\/","og_site_name":"radort Magdeburg","article_modified_time":"2020-04-05T18:18:06+00:00","twitter_card":"summary_large_image","twitter_misc":{"Gesch\u00e4tzte Lesezeit":"1\u00a0Minute"},"schema":{"@context":"https:\/\/schema.org","@graph":[{"@type":"WebPage","@id":"http:\/\/www.radort-magdeburg.com\/index.php\/touren\/elberadweg\/beschilderung\/","url":"http:\/\/www.radort-magdeburg.com\/index.php\/touren\/elberadweg\/beschilderung\/","name":"Beschilderung - radort Magdeburg","isPartOf":{"@id":"http:\/\/www.radort-magdeburg.com\/#website"},"datePublished":"2020-04-03T11:36:05+00:00","dateModified":"2020-04-05T18:18:06+00:00","breadcrumb":{"@id":"http:\/\/www.radort-magdeburg.com\/index.php\/touren\/elberadweg\/beschilderung\/#breadcrumb"},"inLanguage":"de","potentialAction":[{"@type":"ReadAction","target":["http:\/\/www.radort-magdeburg.com\/index.php\/touren\/elberadweg\/beschilderung\/"]}]},{"@type":"BreadcrumbList","@id":"http:\/\/www.radort-magdeburg.com\/index.php\/touren\/elberadweg\/beschilderung\/#breadcrumb","itemListElement":[{"@type":"ListItem","position":1,"name":"Startseite","item":"http:\/\/www.radort-magdeburg.com\/"},{"@type":"ListItem","position":2,"name":"Touren","item":"http:\/\/www.radort-magdeburg.com\/index.php\/touren\/"},{"@type":"ListItem","position":3,"name":"Elberadweg","item":"http:\/\/www.radort-magdeburg.com\/index.php\/touren\/elberadweg\/"},{"@type":"ListItem","position":4,"name":"Beschilderung"}]},{"@type":"WebSite","@id":"http:\/\/www.radort-magdeburg.com\/#website","url":"http:\/\/www.radort-magdeburg.com\/","name":"radort Magdeburg","description":"Willkommen in unserer Radreise Region","publisher":{"@id":"http:\/\/www.radort-magdeburg.com\/#\/schema\/person\/fceedb630e519c36aa801b23ec22d528"},"potentialAction":[{"@type":"SearchAction","target":{"@type":"EntryPoint","urlTemplate":"http:\/\/www.radort-magdeburg.com\/?s={search_term_string}"},"query-input":{"@type":"PropertyValueSpecification","valueRequired":true,"valueName":"search_term_string"}}],"inLanguage":"de"},{"@type":["Person","Organization"],"@id":"http:\/\/www.radort-magdeburg.com\/#\/schema\/person\/fceedb630e519c36aa801b23ec22d528","name":"radort_admin","image":{"@type":"ImageObject","inLanguage":"de","@id":"https:\/\/secure.gravatar.com\/avatar\/12470d3a850e60ee25c5330a5f618df727969898bdd3b4cdf8bd2adede7c0dee?s=96&d=mm&r=g","url":"https:\/\/secure.gravatar.com\/avatar\/12470d3a850e60ee25c5330a5f618df727969898bdd3b4cdf8bd2adede7c0dee?s=96&d=mm&r=g","contentUrl":"https:\/\/secure.gravatar.com\/avatar\/12470d3a850e60ee25c5330a5f618df727969898bdd3b4cdf8bd2adede7c0dee?s=96&d=mm&r=g","caption":"radort_admin"},"logo":{"@id":"https:\/\/secure.gravatar.com\/avatar\/12470d3a850e60ee25c5330a5f618df727969898bdd3b4cdf8bd2adede7c0dee?s=96&d=mm&r=g"},"sameAs":["http:\/\/www.radort-magdeburg.com"]}]}},"_links":{"self":[{"href":"http:\/\/www.radort-magdeburg.com\/index.php\/wp-json\/wp\/v2\/pages\/212","targetHints":{"allow":["GET"]}}],"collection":[{"href":"http:\/\/www.radort-magdeburg.com\/index.php\/wp-json\/wp\/v2\/pages"}],"about":[{"href":"http:\/\/www.radort-magdeburg.com\/index.php\/wp-json\/wp\/v2\/types\/page"}],"author":[{"embeddable":true,"href":"http:\/\/www.radort-magdeburg.com\/index.php\/wp-json\/wp\/v2\/users\/1"}],"replies":[{"embeddable":true,"href":"http:\/\/www.radort-magdeburg.com\/index.php\/wp-json\/wp\/v2\/comments?post=212"}],"version-history":[{"count":3,"href":"http:\/\/www.radort-magdeburg.com\/index.php\/wp-json\/wp\/v2\/pages\/212\/revisions"}],"predecessor-version":[{"id":478,"href":"http:\/\/www.radort-magdeburg.com\/index.php\/wp-json\/wp\/v2\/pages\/212\/revisions\/478"}],"up":[{"embeddable":true,"href":"http:\/\/www.radort-magdeburg.com\/index.php\/wp-json\/wp\/v2\/pages\/182"}],"wp:attachment":[{"href":"http:\/\/www.radort-magdeburg.com\/index.php\/wp-json\/wp\/v2\/media?parent=212"}],"curies":[{"name":"wp","href":"https:\/\/api.w.org\/{rel}","templated":true}]}}