{"id":43,"date":"2020-04-01T20:00:45","date_gmt":"2020-04-01T18:00:45","guid":{"rendered":"http:\/\/www.radort-magdeburg.com\/?page_id=43"},"modified":"2021-02-17T15:22:32","modified_gmt":"2021-02-17T14:22:32","slug":"ueber-uns","status":"publish","type":"page","link":"http:\/\/www.radort-magdeburg.com\/index.php\/ueber-uns\/","title":{"rendered":"\u00dcber mich"},"content":{"rendered":"\n<p class=\"has-text-align-left\">Mein Name ist Wolfgang Schramm. In diesem Blog berichte ich \u00fcber meine Heimatstadt und die n\u00e4here Umgebung. Aber auch \u00fcber Ausflugsziele in der N\u00e4he und Ferne werden ich integrieren und in Wort und Bild vorstellen. Da ich hier viel mit dem Rad unterwegs bin, kenn ich fast jeden Winkel der Stadt und des Landes und kann so viele Tipps f\u00fcr Besucher geben. <\/p>\n\n\n\n<div class=\"wp-block-image\"><figure class=\"aligncenter size-large\"><img loading=\"lazy\" decoding=\"async\" width=\"624\" height=\"1024\" src=\"http:\/\/www.radort-magdeburg.com\/wp-content\/uploads\/2020\/04\/IMG-20200215-WA0001-624x1024.jpg\" alt=\"\" class=\"wp-image-73\" srcset=\"http:\/\/www.radort-magdeburg.com\/wp-content\/uploads\/2020\/04\/IMG-20200215-WA0001-624x1024.jpg 624w, http:\/\/www.radort-magdeburg.com\/wp-content\/uploads\/2020\/04\/IMG-20200215-WA0001-300x492.jpg 300w, http:\/\/www.radort-magdeburg.com\/wp-content\/uploads\/2020\/04\/IMG-20200215-WA0001-183x300.jpg 183w, http:\/\/www.radort-magdeburg.com\/wp-content\/uploads\/2020\/04\/IMG-20200215-WA0001-768x1260.jpg 768w, http:\/\/www.radort-magdeburg.com\/wp-content\/uploads\/2020\/04\/IMG-20200215-WA0001-936x1536.jpg 936w, http:\/\/www.radort-magdeburg.com\/wp-content\/uploads\/2020\/04\/IMG-20200215-WA0001-619x1016.jpg 619w, http:\/\/www.radort-magdeburg.com\/wp-content\/uploads\/2020\/04\/IMG-20200215-WA0001.jpg 975w\" sizes=\"auto, (max-width: 624px) 100vw, 624px\" \/><figcaption>Hier bin ich bei der Arbeit &#8211; Vorstellung des Elberadweg<\/figcaption><\/figure><\/div>\n\n\n\n<p><\/p>\n","protected":false},"excerpt":{"rendered":"<p>Mein Name ist Wolfgang Schramm. In diesem Blog berichte ich \u00fcber meine Heimatstadt und die n\u00e4here Umgebung. Aber auch \u00fcber Ausflugsziele in der N\u00e4he und Ferne werden ich integrieren und in Wort und Bild vorstellen. Da ich hier viel mit &hellip; <a href=\"http:\/\/www.radort-magdeburg.com\/index.php\/ueber-uns\/\">Weiterlesen <span class=\"meta-nav\">&rarr;<\/span><\/a><\/p>\n","protected":false},"author":1,"featured_media":0,"parent":0,"menu_order":0,"comment_status":"closed","ping_status":"closed","template":"onecolumn-page.php","meta":{"_mc_calendar":[],"footnotes":""},"class_list":["post-43","page","type-page","status-publish","hentry"],"yoast_head":"<!-- This site is optimized with the Yoast SEO plugin v27.4 - https:\/\/yoast.com\/product\/yoast-seo-wordpress\/ -->\n<title>\u00dcber mich - radort Magdeburg<\/title>\n<meta name=\"robots\" content=\"index, follow, max-snippet:-1, max-image-preview:large, max-video-preview:-1\" \/>\n<link rel=\"canonical\" href=\"http:\/\/www.radort-magdeburg.com\/index.php\/ueber-uns\/\" \/>\n<meta property=\"og:locale\" content=\"de_DE\" \/>\n<meta property=\"og:type\" content=\"article\" \/>\n<meta property=\"og:title\" content=\"\u00dcber mich - radort Magdeburg\" \/>\n<meta property=\"og:description\" content=\"Mein Name ist Wolfgang Schramm. In diesem Blog berichte ich \u00fcber meine Heimatstadt und die n\u00e4here Umgebung. Aber auch \u00fcber Ausflugsziele in der N\u00e4he und Ferne werden ich integrieren und in Wort und Bild vorstellen. Da ich hier viel mit &hellip; Weiterlesen &rarr;\" \/>\n<meta property=\"og:url\" content=\"http:\/\/www.radort-magdeburg.com\/index.php\/ueber-uns\/\" \/>\n<meta property=\"og:site_name\" content=\"radort Magdeburg\" \/>\n<meta property=\"article:modified_time\" content=\"2021-02-17T14:22:32+00:00\" \/>\n<meta property=\"og:image\" content=\"http:\/\/www.radort-magdeburg.com\/wp-content\/uploads\/2020\/04\/IMG-20200215-WA0001-624x1024.jpg\" \/>\n<meta name=\"twitter:card\" content=\"summary_large_image\" \/>\n<meta name=\"twitter:label1\" content=\"Gesch\u00e4tzte Lesezeit\" \/>\n\t<meta name=\"twitter:data1\" content=\"1\u00a0Minute\" \/>\n<script type=\"application\/ld+json\" class=\"yoast-schema-graph\">{\"@context\":\"https:\\\/\\\/schema.org\",\"@graph\":[{\"@type\":\"WebPage\",\"@id\":\"http:\\\/\\\/www.radort-magdeburg.com\\\/index.php\\\/ueber-uns\\\/\",\"url\":\"http:\\\/\\\/www.radort-magdeburg.com\\\/index.php\\\/ueber-uns\\\/\",\"name\":\"\u00dcber mich - radort Magdeburg\",\"isPartOf\":{\"@id\":\"http:\\\/\\\/www.radort-magdeburg.com\\\/#website\"},\"primaryImageOfPage\":{\"@id\":\"http:\\\/\\\/www.radort-magdeburg.com\\\/index.php\\\/ueber-uns\\\/#primaryimage\"},\"image\":{\"@id\":\"http:\\\/\\\/www.radort-magdeburg.com\\\/index.php\\\/ueber-uns\\\/#primaryimage\"},\"thumbnailUrl\":\"http:\\\/\\\/www.radort-magdeburg.com\\\/wp-content\\\/uploads\\\/2020\\\/04\\\/IMG-20200215-WA0001-624x1024.jpg\",\"datePublished\":\"2020-04-01T18:00:45+00:00\",\"dateModified\":\"2021-02-17T14:22:32+00:00\",\"breadcrumb\":{\"@id\":\"http:\\\/\\\/www.radort-magdeburg.com\\\/index.php\\\/ueber-uns\\\/#breadcrumb\"},\"inLanguage\":\"de\",\"potentialAction\":[{\"@type\":\"ReadAction\",\"target\":[\"http:\\\/\\\/www.radort-magdeburg.com\\\/index.php\\\/ueber-uns\\\/\"]}]},{\"@type\":\"ImageObject\",\"inLanguage\":\"de\",\"@id\":\"http:\\\/\\\/www.radort-magdeburg.com\\\/index.php\\\/ueber-uns\\\/#primaryimage\",\"url\":\"http:\\\/\\\/www.radort-magdeburg.com\\\/wp-content\\\/uploads\\\/2020\\\/04\\\/IMG-20200215-WA0001.jpg\",\"contentUrl\":\"http:\\\/\\\/www.radort-magdeburg.com\\\/wp-content\\\/uploads\\\/2020\\\/04\\\/IMG-20200215-WA0001.jpg\",\"width\":975,\"height\":1600},{\"@type\":\"BreadcrumbList\",\"@id\":\"http:\\\/\\\/www.radort-magdeburg.com\\\/index.php\\\/ueber-uns\\\/#breadcrumb\",\"itemListElement\":[{\"@type\":\"ListItem\",\"position\":1,\"name\":\"Startseite\",\"item\":\"http:\\\/\\\/www.radort-magdeburg.com\\\/\"},{\"@type\":\"ListItem\",\"position\":2,\"name\":\"\u00dcber mich\"}]},{\"@type\":\"WebSite\",\"@id\":\"http:\\\/\\\/www.radort-magdeburg.com\\\/#website\",\"url\":\"http:\\\/\\\/www.radort-magdeburg.com\\\/\",\"name\":\"radort Magdeburg\",\"description\":\"Willkommen in unserer Radreise Region\",\"publisher\":{\"@id\":\"http:\\\/\\\/www.radort-magdeburg.com\\\/#\\\/schema\\\/person\\\/fceedb630e519c36aa801b23ec22d528\"},\"potentialAction\":[{\"@type\":\"SearchAction\",\"target\":{\"@type\":\"EntryPoint\",\"urlTemplate\":\"http:\\\/\\\/www.radort-magdeburg.com\\\/?s={search_term_string}\"},\"query-input\":{\"@type\":\"PropertyValueSpecification\",\"valueRequired\":true,\"valueName\":\"search_term_string\"}}],\"inLanguage\":\"de\"},{\"@type\":[\"Person\",\"Organization\"],\"@id\":\"http:\\\/\\\/www.radort-magdeburg.com\\\/#\\\/schema\\\/person\\\/fceedb630e519c36aa801b23ec22d528\",\"name\":\"radort_admin\",\"image\":{\"@type\":\"ImageObject\",\"inLanguage\":\"de\",\"@id\":\"https:\\\/\\\/secure.gravatar.com\\\/avatar\\\/12470d3a850e60ee25c5330a5f618df727969898bdd3b4cdf8bd2adede7c0dee?s=96&d=mm&r=g\",\"url\":\"https:\\\/\\\/secure.gravatar.com\\\/avatar\\\/12470d3a850e60ee25c5330a5f618df727969898bdd3b4cdf8bd2adede7c0dee?s=96&d=mm&r=g\",\"contentUrl\":\"https:\\\/\\\/secure.gravatar.com\\\/avatar\\\/12470d3a850e60ee25c5330a5f618df727969898bdd3b4cdf8bd2adede7c0dee?s=96&d=mm&r=g\",\"caption\":\"radort_admin\"},\"logo\":{\"@id\":\"https:\\\/\\\/secure.gravatar.com\\\/avatar\\\/12470d3a850e60ee25c5330a5f618df727969898bdd3b4cdf8bd2adede7c0dee?s=96&d=mm&r=g\"},\"sameAs\":[\"http:\\\/\\\/www.radort-magdeburg.com\"]}]}<\/script>\n<!-- \/ Yoast SEO plugin. -->","yoast_head_json":{"title":"\u00dcber mich - radort Magdeburg","robots":{"index":"index","follow":"follow","max-snippet":"max-snippet:-1","max-image-preview":"max-image-preview:large","max-video-preview":"max-video-preview:-1"},"canonical":"http:\/\/www.radort-magdeburg.com\/index.php\/ueber-uns\/","og_locale":"de_DE","og_type":"article","og_title":"\u00dcber mich - radort Magdeburg","og_description":"Mein Name ist Wolfgang Schramm. In diesem Blog berichte ich \u00fcber meine Heimatstadt und die n\u00e4here Umgebung. Aber auch \u00fcber Ausflugsziele in der N\u00e4he und Ferne werden ich integrieren und in Wort und Bild vorstellen. Da ich hier viel mit &hellip; Weiterlesen &rarr;","og_url":"http:\/\/www.radort-magdeburg.com\/index.php\/ueber-uns\/","og_site_name":"radort Magdeburg","article_modified_time":"2021-02-17T14:22:32+00:00","og_image":[{"url":"http:\/\/www.radort-magdeburg.com\/wp-content\/uploads\/2020\/04\/IMG-20200215-WA0001-624x1024.jpg","type":"","width":"","height":""}],"twitter_card":"summary_large_image","twitter_misc":{"Gesch\u00e4tzte Lesezeit":"1\u00a0Minute"},"schema":{"@context":"https:\/\/schema.org","@graph":[{"@type":"WebPage","@id":"http:\/\/www.radort-magdeburg.com\/index.php\/ueber-uns\/","url":"http:\/\/www.radort-magdeburg.com\/index.php\/ueber-uns\/","name":"\u00dcber mich - radort Magdeburg","isPartOf":{"@id":"http:\/\/www.radort-magdeburg.com\/#website"},"primaryImageOfPage":{"@id":"http:\/\/www.radort-magdeburg.com\/index.php\/ueber-uns\/#primaryimage"},"image":{"@id":"http:\/\/www.radort-magdeburg.com\/index.php\/ueber-uns\/#primaryimage"},"thumbnailUrl":"http:\/\/www.radort-magdeburg.com\/wp-content\/uploads\/2020\/04\/IMG-20200215-WA0001-624x1024.jpg","datePublished":"2020-04-01T18:00:45+00:00","dateModified":"2021-02-17T14:22:32+00:00","breadcrumb":{"@id":"http:\/\/www.radort-magdeburg.com\/index.php\/ueber-uns\/#breadcrumb"},"inLanguage":"de","potentialAction":[{"@type":"ReadAction","target":["http:\/\/www.radort-magdeburg.com\/index.php\/ueber-uns\/"]}]},{"@type":"ImageObject","inLanguage":"de","@id":"http:\/\/www.radort-magdeburg.com\/index.php\/ueber-uns\/#primaryimage","url":"http:\/\/www.radort-magdeburg.com\/wp-content\/uploads\/2020\/04\/IMG-20200215-WA0001.jpg","contentUrl":"http:\/\/www.radort-magdeburg.com\/wp-content\/uploads\/2020\/04\/IMG-20200215-WA0001.jpg","width":975,"height":1600},{"@type":"BreadcrumbList","@id":"http:\/\/www.radort-magdeburg.com\/index.php\/ueber-uns\/#breadcrumb","itemListElement":[{"@type":"ListItem","position":1,"name":"Startseite","item":"http:\/\/www.radort-magdeburg.com\/"},{"@type":"ListItem","position":2,"name":"\u00dcber mich"}]},{"@type":"WebSite","@id":"http:\/\/www.radort-magdeburg.com\/#website","url":"http:\/\/www.radort-magdeburg.com\/","name":"radort Magdeburg","description":"Willkommen in unserer Radreise Region","publisher":{"@id":"http:\/\/www.radort-magdeburg.com\/#\/schema\/person\/fceedb630e519c36aa801b23ec22d528"},"potentialAction":[{"@type":"SearchAction","target":{"@type":"EntryPoint","urlTemplate":"http:\/\/www.radort-magdeburg.com\/?s={search_term_string}"},"query-input":{"@type":"PropertyValueSpecification","valueRequired":true,"valueName":"search_term_string"}}],"inLanguage":"de"},{"@type":["Person","Organization"],"@id":"http:\/\/www.radort-magdeburg.com\/#\/schema\/person\/fceedb630e519c36aa801b23ec22d528","name":"radort_admin","image":{"@type":"ImageObject","inLanguage":"de","@id":"https:\/\/secure.gravatar.com\/avatar\/12470d3a850e60ee25c5330a5f618df727969898bdd3b4cdf8bd2adede7c0dee?s=96&d=mm&r=g","url":"https:\/\/secure.gravatar.com\/avatar\/12470d3a850e60ee25c5330a5f618df727969898bdd3b4cdf8bd2adede7c0dee?s=96&d=mm&r=g","contentUrl":"https:\/\/secure.gravatar.com\/avatar\/12470d3a850e60ee25c5330a5f618df727969898bdd3b4cdf8bd2adede7c0dee?s=96&d=mm&r=g","caption":"radort_admin"},"logo":{"@id":"https:\/\/secure.gravatar.com\/avatar\/12470d3a850e60ee25c5330a5f618df727969898bdd3b4cdf8bd2adede7c0dee?s=96&d=mm&r=g"},"sameAs":["http:\/\/www.radort-magdeburg.com"]}]}},"_links":{"self":[{"href":"http:\/\/www.radort-magdeburg.com\/index.php\/wp-json\/wp\/v2\/pages\/43","targetHints":{"allow":["GET"]}}],"collection":[{"href":"http:\/\/www.radort-magdeburg.com\/index.php\/wp-json\/wp\/v2\/pages"}],"about":[{"href":"http:\/\/www.radort-magdeburg.com\/index.php\/wp-json\/wp\/v2\/types\/page"}],"author":[{"embeddable":true,"href":"http:\/\/www.radort-magdeburg.com\/index.php\/wp-json\/wp\/v2\/users\/1"}],"replies":[{"embeddable":true,"href":"http:\/\/www.radort-magdeburg.com\/index.php\/wp-json\/wp\/v2\/comments?post=43"}],"version-history":[{"count":7,"href":"http:\/\/www.radort-magdeburg.com\/index.php\/wp-json\/wp\/v2\/pages\/43\/revisions"}],"predecessor-version":[{"id":662,"href":"http:\/\/www.radort-magdeburg.com\/index.php\/wp-json\/wp\/v2\/pages\/43\/revisions\/662"}],"wp:attachment":[{"href":"http:\/\/www.radort-magdeburg.com\/index.php\/wp-json\/wp\/v2\/media?parent=43"}],"curies":[{"name":"wp","href":"https:\/\/api.w.org\/{rel}","templated":true}]}}