{"id":681,"date":"2020-04-18T08:17:49","date_gmt":"2020-04-18T06:17:49","guid":{"rendered":"http:\/\/www.radort-magdeburg.com\/?page_id=681"},"modified":"2026-01-06T12:38:50","modified_gmt":"2026-01-06T11:38:50","slug":"aller-radweg","status":"publish","type":"page","link":"http:\/\/www.radort-magdeburg.com\/index.php\/touren\/radwege-in-sachsen-anhalt\/aller-radweg\/","title":{"rendered":"Aller-Radweg"},"content":{"rendered":"<p style=\"text-align: left;\"><a href=\"file:\/\/\/D:\/Beschilderung%20Elberadweg\/tourismus\/bsp2\/Vorwort.html\">Lage des Fernradweges<\/a><br \/>Die Aller ist der wasserreichste Zufluss der Weser, in die sie bei Verden (Aller) nach 263 Kilometer m\u00fcndet. Auf ihrem Weg von ihrem Quellgebiet westlich der Magdeburger B\u00f6rde in Sachsen-Anhalt nach Niedersachsen nimmt sie nicht nur das Wasser zahlreicher kleinerer Fl\u00fcsse auf, so bringt zum Beispiel auch die Oker aus dem Harz reichlich Schmelzwasser ein. Nur im unteren Teil ab Celle ist die Aller noch f\u00fcr gr\u00f6\u00dfere Schiffe schiffbar, ansonsten gilt der Fluss als einer der naturbelassensten in Deutschland. Der Radweg folgt diesem nat\u00fcrlichen Verlauf des Flusses und erm\u00f6glicht dem Radfahrer ein weitestgehend naturnahes Erradeln der abwechslungsreichen Landschaft zwischen Elbe und Weser.<\/p>\n<p><a href=\"file:\/\/\/D:\/Beschilderung%20Elberadweg\/tourismus\/headingl\">Streckenverlauf\u00a0<\/a><\/p>\n<p><a href=\"file:\/\/\/D:\/Beschilderung%20Elberadweg\/tourismus\/Europaradweg%20R1%201.%20Etappe.html\">1. Etappe Von Verden nach Schwarmstedt, 53 km<\/a><br \/><a href=\"file:\/\/\/D:\/Beschilderung%20Elberadweg\/tourismus\/Europaradweg%20R1%202.%20Etappe.html\">2. Etappe Von Schwarmstedt nach Celle 42 km<\/a><br \/><a href=\"file:\/\/\/D:\/Beschilderung%20Elberadweg\/tourismus\/Europaradweg%20R1%203.%20Etappe.html\">3. Etappe Von Celle nach Gifhorn 46 km<\/a><br \/><a href=\"file:\/\/\/D:\/Beschilderung%20Elberadweg\/tourismus\/Europaradweg%20R1%204.%20Etappe.html\">4. Etappe Von Gifhorn nach Oebisfelde 49 km <\/a><br \/><a href=\"file:\/\/\/D:\/Beschilderung%20Elberadweg\/tourismus\/Europaradweg%20R1%205.%20Etappe.html\">5. Etappe Von Oebisfelde nach Eggenstedt 58 km<\/a><\/p>\n<p><a href=\"file:\/\/\/D:\/Beschilderung%20Elberadweg\/tourismus\/headingl\">Streckenprofil<\/a><br \/>Der Aller-Radweg ist in den letzten Jahren kontinuierlich weiter ausgebaut worden.\u00a0<\/p>\n<p><a href=\"file:\/\/\/D:\/Beschilderung%20Elberadweg\/tourismus\/Altmarkrundkurs\/Altmarkrundkurs.html\">Wegweisung<\/a><br \/>Der Aller-Radweg ist gr\u00f6\u00dftenteils mit dem entsprechenden Logo beschildert.<\/p>\n<blockquote>\n<p><img loading=\"lazy\" decoding=\"async\" class=\"alignnone  wp-image-1699\" src=\"http:\/\/www.radort-magdeburg.com\/wp-content\/uploads\/2026\/01\/Allerradweglogo-300x300.jpg\" alt=\"\" width=\"139\" height=\"139\" srcset=\"http:\/\/www.radort-magdeburg.com\/wp-content\/uploads\/2026\/01\/Allerradweglogo-300x300.jpg 300w, http:\/\/www.radort-magdeburg.com\/wp-content\/uploads\/2026\/01\/Allerradweglogo-150x150.jpg 150w, http:\/\/www.radort-magdeburg.com\/wp-content\/uploads\/2026\/01\/Allerradweglogo-768x768.jpg 768w, http:\/\/www.radort-magdeburg.com\/wp-content\/uploads\/2026\/01\/Allerradweglogo.jpg 800w\" sizes=\"auto, (max-width: 139px) 100vw, 139px\" \/><\/p>\n<\/blockquote>\n<p><a href=\"file:\/\/\/D:\/Beschilderung%20Elberadweg\/tourismus\/Altmarkrundkurs\/Altmarkrundkurs.html\">Ber\u00fchrungspunkte mit Sehensw\u00fcrdigkeiten der &#8218;Stra\u00dfe der Romanik&#8216;<\/a><\/p>\n<p>1. direkt in Wahlbeck<\/p>\n<blockquote>\n<p><a href=\"file:\/\/\/D:\/Beschilderung%20Elberadweg\/tourismus\/Altmarkrundkurs\/Altmarkrundkurs.html\">Anbindung andere Radfernwege<\/a><br \/>1. in Verden\u00a0an den Weser-Radweg<br \/>2. An der Kreuzung auf der K45 nach Seggerde &#8211; links auf die L 20 nach\u00a0 \u00a0 \u00a0 \u00a0Seggerde der Aller-Elbe-Radweg <br \/>3. in Eggenstedt an den Aller-Harz-Radweg\u00a0\u00a0 <br \/>4. in Eggenstedt an den Radweg Berlin &#8211; Hameln\u00a0<br \/>5. in Magdeburg an den Elberadweg<\/p>\n<\/blockquote>\n<p><a href=\"file:\/\/\/D:\/Beschilderung%20Elberadweg\/tourismus\/bsp2\/EUROPA-RADWANDERWEG%20R1.html\">Hotels, Pensionen, Gasth\u00f6fe<\/a><\/p>\n<p>Siehe Gastgeberverzeichnis Niedersachsen, Sachsen-Anhalt und Elbe-B\u00f6rde-Heide<\/p>\n<p><a href=\"file:\/\/\/D:\/Beschilderung%20Elberadweg\/tourismus\/headingl\">Das Rad f\u00fcr die Tour<\/a><\/p>\n<p>Da in Sachsen-Anhalt beim derzeitigen Ausbauzustand des Radwanderweges die wasser- gebundene Fahrbahndecke \u00fcberwiegt und oft auch mit wechselnder Wegbeschaffenheit zu rechnen ist, ist die Benutzung von Fahrr\u00e4dern mit breiteren Profilreifen ratsam.<\/p>\n<p><a href=\"file:\/\/\/D:\/Beschilderung%20Elberadweg\/tourismus\/headingl\">Rad &amp; Bahn<\/a><br \/>Einige Abschnitte des Radweges k\u00f6nnen direkt mit parallel verlaufenden Bahnstrecken \u00fcberbr\u00fcckt werden. Darunter sind die regelm\u00e4\u00dfig bedienten Strecken Bremen-Verden sowie die Strecke Wolfsburg-Magdeburg.<\/p>\n\n\n<p><\/p>\n","protected":false},"excerpt":{"rendered":"<p>Lage des FernradwegesDie Aller ist der wasserreichste Zufluss der Weser, in die sie bei Verden (Aller) nach 263 Kilometer m\u00fcndet. Auf ihrem Weg von ihrem Quellgebiet westlich der Magdeburger B\u00f6rde in Sachsen-Anhalt nach Niedersachsen nimmt sie nicht nur das Wasser &hellip; <a href=\"http:\/\/www.radort-magdeburg.com\/index.php\/touren\/radwege-in-sachsen-anhalt\/aller-radweg\/\">Weiterlesen <span class=\"meta-nav\">&rarr;<\/span><\/a><\/p>\n","protected":false},"author":1,"featured_media":0,"parent":479,"menu_order":0,"comment_status":"closed","ping_status":"closed","template":"","meta":{"_mc_calendar":[],"footnotes":""},"class_list":["post-681","page","type-page","status-publish","hentry"],"yoast_head":"<!-- This site is optimized with the Yoast SEO plugin v27.4 - https:\/\/yoast.com\/product\/yoast-seo-wordpress\/ -->\n<title>Aller-Radweg - radort Magdeburg<\/title>\n<meta name=\"robots\" content=\"index, follow, max-snippet:-1, max-image-preview:large, max-video-preview:-1\" \/>\n<link rel=\"canonical\" href=\"http:\/\/www.radort-magdeburg.com\/index.php\/touren\/radwege-in-sachsen-anhalt\/aller-radweg\/\" \/>\n<meta property=\"og:locale\" content=\"de_DE\" \/>\n<meta property=\"og:type\" content=\"article\" \/>\n<meta property=\"og:title\" content=\"Aller-Radweg - radort Magdeburg\" \/>\n<meta property=\"og:description\" content=\"Lage des FernradwegesDie Aller ist der wasserreichste Zufluss der Weser, in die sie bei Verden (Aller) nach 263 Kilometer m\u00fcndet. Auf ihrem Weg von ihrem Quellgebiet westlich der Magdeburger B\u00f6rde in Sachsen-Anhalt nach Niedersachsen nimmt sie nicht nur das Wasser &hellip; Weiterlesen &rarr;\" \/>\n<meta property=\"og:url\" content=\"http:\/\/www.radort-magdeburg.com\/index.php\/touren\/radwege-in-sachsen-anhalt\/aller-radweg\/\" \/>\n<meta property=\"og:site_name\" content=\"radort Magdeburg\" \/>\n<meta property=\"article:modified_time\" content=\"2026-01-06T11:38:50+00:00\" \/>\n<meta property=\"og:image\" content=\"http:\/\/www.radort-magdeburg.com\/wp-content\/uploads\/2026\/01\/Allerradweglogo.jpg\" \/>\n\t<meta property=\"og:image:width\" content=\"800\" \/>\n\t<meta property=\"og:image:height\" content=\"800\" \/>\n\t<meta property=\"og:image:type\" content=\"image\/jpeg\" \/>\n<meta name=\"twitter:card\" content=\"summary_large_image\" \/>\n<meta name=\"twitter:label1\" content=\"Gesch\u00e4tzte Lesezeit\" \/>\n\t<meta name=\"twitter:data1\" content=\"2\u00a0Minuten\" \/>\n<script type=\"application\/ld+json\" class=\"yoast-schema-graph\">{\"@context\":\"https:\\\/\\\/schema.org\",\"@graph\":[{\"@type\":\"WebPage\",\"@id\":\"http:\\\/\\\/www.radort-magdeburg.com\\\/index.php\\\/touren\\\/radwege-in-sachsen-anhalt\\\/aller-radweg\\\/\",\"url\":\"http:\\\/\\\/www.radort-magdeburg.com\\\/index.php\\\/touren\\\/radwege-in-sachsen-anhalt\\\/aller-radweg\\\/\",\"name\":\"Aller-Radweg - radort Magdeburg\",\"isPartOf\":{\"@id\":\"http:\\\/\\\/www.radort-magdeburg.com\\\/#website\"},\"primaryImageOfPage\":{\"@id\":\"http:\\\/\\\/www.radort-magdeburg.com\\\/index.php\\\/touren\\\/radwege-in-sachsen-anhalt\\\/aller-radweg\\\/#primaryimage\"},\"image\":{\"@id\":\"http:\\\/\\\/www.radort-magdeburg.com\\\/index.php\\\/touren\\\/radwege-in-sachsen-anhalt\\\/aller-radweg\\\/#primaryimage\"},\"thumbnailUrl\":\"http:\\\/\\\/www.radort-magdeburg.com\\\/wp-content\\\/uploads\\\/2026\\\/01\\\/Allerradweglogo-300x300.jpg\",\"datePublished\":\"2020-04-18T06:17:49+00:00\",\"dateModified\":\"2026-01-06T11:38:50+00:00\",\"breadcrumb\":{\"@id\":\"http:\\\/\\\/www.radort-magdeburg.com\\\/index.php\\\/touren\\\/radwege-in-sachsen-anhalt\\\/aller-radweg\\\/#breadcrumb\"},\"inLanguage\":\"de\",\"potentialAction\":[{\"@type\":\"ReadAction\",\"target\":[\"http:\\\/\\\/www.radort-magdeburg.com\\\/index.php\\\/touren\\\/radwege-in-sachsen-anhalt\\\/aller-radweg\\\/\"]}]},{\"@type\":\"ImageObject\",\"inLanguage\":\"de\",\"@id\":\"http:\\\/\\\/www.radort-magdeburg.com\\\/index.php\\\/touren\\\/radwege-in-sachsen-anhalt\\\/aller-radweg\\\/#primaryimage\",\"url\":\"http:\\\/\\\/www.radort-magdeburg.com\\\/wp-content\\\/uploads\\\/2026\\\/01\\\/Allerradweglogo.jpg\",\"contentUrl\":\"http:\\\/\\\/www.radort-magdeburg.com\\\/wp-content\\\/uploads\\\/2026\\\/01\\\/Allerradweglogo.jpg\",\"width\":800,\"height\":800},{\"@type\":\"BreadcrumbList\",\"@id\":\"http:\\\/\\\/www.radort-magdeburg.com\\\/index.php\\\/touren\\\/radwege-in-sachsen-anhalt\\\/aller-radweg\\\/#breadcrumb\",\"itemListElement\":[{\"@type\":\"ListItem\",\"position\":1,\"name\":\"Startseite\",\"item\":\"http:\\\/\\\/www.radort-magdeburg.com\\\/\"},{\"@type\":\"ListItem\",\"position\":2,\"name\":\"Touren\",\"item\":\"http:\\\/\\\/www.radort-magdeburg.com\\\/index.php\\\/touren\\\/\"},{\"@type\":\"ListItem\",\"position\":3,\"name\":\"Radwege in Sachsen-Anhalt\",\"item\":\"http:\\\/\\\/www.radort-magdeburg.com\\\/index.php\\\/touren\\\/radwege-in-sachsen-anhalt\\\/\"},{\"@type\":\"ListItem\",\"position\":4,\"name\":\"Aller-Radweg\"}]},{\"@type\":\"WebSite\",\"@id\":\"http:\\\/\\\/www.radort-magdeburg.com\\\/#website\",\"url\":\"http:\\\/\\\/www.radort-magdeburg.com\\\/\",\"name\":\"radort Magdeburg\",\"description\":\"Willkommen in unserer Radreise Region\",\"publisher\":{\"@id\":\"http:\\\/\\\/www.radort-magdeburg.com\\\/#\\\/schema\\\/person\\\/fceedb630e519c36aa801b23ec22d528\"},\"potentialAction\":[{\"@type\":\"SearchAction\",\"target\":{\"@type\":\"EntryPoint\",\"urlTemplate\":\"http:\\\/\\\/www.radort-magdeburg.com\\\/?s={search_term_string}\"},\"query-input\":{\"@type\":\"PropertyValueSpecification\",\"valueRequired\":true,\"valueName\":\"search_term_string\"}}],\"inLanguage\":\"de\"},{\"@type\":[\"Person\",\"Organization\"],\"@id\":\"http:\\\/\\\/www.radort-magdeburg.com\\\/#\\\/schema\\\/person\\\/fceedb630e519c36aa801b23ec22d528\",\"name\":\"radort_admin\",\"image\":{\"@type\":\"ImageObject\",\"inLanguage\":\"de\",\"@id\":\"https:\\\/\\\/secure.gravatar.com\\\/avatar\\\/12470d3a850e60ee25c5330a5f618df727969898bdd3b4cdf8bd2adede7c0dee?s=96&d=mm&r=g\",\"url\":\"https:\\\/\\\/secure.gravatar.com\\\/avatar\\\/12470d3a850e60ee25c5330a5f618df727969898bdd3b4cdf8bd2adede7c0dee?s=96&d=mm&r=g\",\"contentUrl\":\"https:\\\/\\\/secure.gravatar.com\\\/avatar\\\/12470d3a850e60ee25c5330a5f618df727969898bdd3b4cdf8bd2adede7c0dee?s=96&d=mm&r=g\",\"caption\":\"radort_admin\"},\"logo\":{\"@id\":\"https:\\\/\\\/secure.gravatar.com\\\/avatar\\\/12470d3a850e60ee25c5330a5f618df727969898bdd3b4cdf8bd2adede7c0dee?s=96&d=mm&r=g\"},\"sameAs\":[\"http:\\\/\\\/www.radort-magdeburg.com\"]}]}<\/script>\n<!-- \/ Yoast SEO plugin. -->","yoast_head_json":{"title":"Aller-Radweg - radort Magdeburg","robots":{"index":"index","follow":"follow","max-snippet":"max-snippet:-1","max-image-preview":"max-image-preview:large","max-video-preview":"max-video-preview:-1"},"canonical":"http:\/\/www.radort-magdeburg.com\/index.php\/touren\/radwege-in-sachsen-anhalt\/aller-radweg\/","og_locale":"de_DE","og_type":"article","og_title":"Aller-Radweg - radort Magdeburg","og_description":"Lage des FernradwegesDie Aller ist der wasserreichste Zufluss der Weser, in die sie bei Verden (Aller) nach 263 Kilometer m\u00fcndet. Auf ihrem Weg von ihrem Quellgebiet westlich der Magdeburger B\u00f6rde in Sachsen-Anhalt nach Niedersachsen nimmt sie nicht nur das Wasser &hellip; Weiterlesen &rarr;","og_url":"http:\/\/www.radort-magdeburg.com\/index.php\/touren\/radwege-in-sachsen-anhalt\/aller-radweg\/","og_site_name":"radort Magdeburg","article_modified_time":"2026-01-06T11:38:50+00:00","og_image":[{"width":800,"height":800,"url":"http:\/\/www.radort-magdeburg.com\/wp-content\/uploads\/2026\/01\/Allerradweglogo.jpg","type":"image\/jpeg"}],"twitter_card":"summary_large_image","twitter_misc":{"Gesch\u00e4tzte Lesezeit":"2\u00a0Minuten"},"schema":{"@context":"https:\/\/schema.org","@graph":[{"@type":"WebPage","@id":"http:\/\/www.radort-magdeburg.com\/index.php\/touren\/radwege-in-sachsen-anhalt\/aller-radweg\/","url":"http:\/\/www.radort-magdeburg.com\/index.php\/touren\/radwege-in-sachsen-anhalt\/aller-radweg\/","name":"Aller-Radweg - radort Magdeburg","isPartOf":{"@id":"http:\/\/www.radort-magdeburg.com\/#website"},"primaryImageOfPage":{"@id":"http:\/\/www.radort-magdeburg.com\/index.php\/touren\/radwege-in-sachsen-anhalt\/aller-radweg\/#primaryimage"},"image":{"@id":"http:\/\/www.radort-magdeburg.com\/index.php\/touren\/radwege-in-sachsen-anhalt\/aller-radweg\/#primaryimage"},"thumbnailUrl":"http:\/\/www.radort-magdeburg.com\/wp-content\/uploads\/2026\/01\/Allerradweglogo-300x300.jpg","datePublished":"2020-04-18T06:17:49+00:00","dateModified":"2026-01-06T11:38:50+00:00","breadcrumb":{"@id":"http:\/\/www.radort-magdeburg.com\/index.php\/touren\/radwege-in-sachsen-anhalt\/aller-radweg\/#breadcrumb"},"inLanguage":"de","potentialAction":[{"@type":"ReadAction","target":["http:\/\/www.radort-magdeburg.com\/index.php\/touren\/radwege-in-sachsen-anhalt\/aller-radweg\/"]}]},{"@type":"ImageObject","inLanguage":"de","@id":"http:\/\/www.radort-magdeburg.com\/index.php\/touren\/radwege-in-sachsen-anhalt\/aller-radweg\/#primaryimage","url":"http:\/\/www.radort-magdeburg.com\/wp-content\/uploads\/2026\/01\/Allerradweglogo.jpg","contentUrl":"http:\/\/www.radort-magdeburg.com\/wp-content\/uploads\/2026\/01\/Allerradweglogo.jpg","width":800,"height":800},{"@type":"BreadcrumbList","@id":"http:\/\/www.radort-magdeburg.com\/index.php\/touren\/radwege-in-sachsen-anhalt\/aller-radweg\/#breadcrumb","itemListElement":[{"@type":"ListItem","position":1,"name":"Startseite","item":"http:\/\/www.radort-magdeburg.com\/"},{"@type":"ListItem","position":2,"name":"Touren","item":"http:\/\/www.radort-magdeburg.com\/index.php\/touren\/"},{"@type":"ListItem","position":3,"name":"Radwege in Sachsen-Anhalt","item":"http:\/\/www.radort-magdeburg.com\/index.php\/touren\/radwege-in-sachsen-anhalt\/"},{"@type":"ListItem","position":4,"name":"Aller-Radweg"}]},{"@type":"WebSite","@id":"http:\/\/www.radort-magdeburg.com\/#website","url":"http:\/\/www.radort-magdeburg.com\/","name":"radort Magdeburg","description":"Willkommen in unserer Radreise Region","publisher":{"@id":"http:\/\/www.radort-magdeburg.com\/#\/schema\/person\/fceedb630e519c36aa801b23ec22d528"},"potentialAction":[{"@type":"SearchAction","target":{"@type":"EntryPoint","urlTemplate":"http:\/\/www.radort-magdeburg.com\/?s={search_term_string}"},"query-input":{"@type":"PropertyValueSpecification","valueRequired":true,"valueName":"search_term_string"}}],"inLanguage":"de"},{"@type":["Person","Organization"],"@id":"http:\/\/www.radort-magdeburg.com\/#\/schema\/person\/fceedb630e519c36aa801b23ec22d528","name":"radort_admin","image":{"@type":"ImageObject","inLanguage":"de","@id":"https:\/\/secure.gravatar.com\/avatar\/12470d3a850e60ee25c5330a5f618df727969898bdd3b4cdf8bd2adede7c0dee?s=96&d=mm&r=g","url":"https:\/\/secure.gravatar.com\/avatar\/12470d3a850e60ee25c5330a5f618df727969898bdd3b4cdf8bd2adede7c0dee?s=96&d=mm&r=g","contentUrl":"https:\/\/secure.gravatar.com\/avatar\/12470d3a850e60ee25c5330a5f618df727969898bdd3b4cdf8bd2adede7c0dee?s=96&d=mm&r=g","caption":"radort_admin"},"logo":{"@id":"https:\/\/secure.gravatar.com\/avatar\/12470d3a850e60ee25c5330a5f618df727969898bdd3b4cdf8bd2adede7c0dee?s=96&d=mm&r=g"},"sameAs":["http:\/\/www.radort-magdeburg.com"]}]}},"_links":{"self":[{"href":"http:\/\/www.radort-magdeburg.com\/index.php\/wp-json\/wp\/v2\/pages\/681","targetHints":{"allow":["GET"]}}],"collection":[{"href":"http:\/\/www.radort-magdeburg.com\/index.php\/wp-json\/wp\/v2\/pages"}],"about":[{"href":"http:\/\/www.radort-magdeburg.com\/index.php\/wp-json\/wp\/v2\/types\/page"}],"author":[{"embeddable":true,"href":"http:\/\/www.radort-magdeburg.com\/index.php\/wp-json\/wp\/v2\/users\/1"}],"replies":[{"embeddable":true,"href":"http:\/\/www.radort-magdeburg.com\/index.php\/wp-json\/wp\/v2\/comments?post=681"}],"version-history":[{"count":8,"href":"http:\/\/www.radort-magdeburg.com\/index.php\/wp-json\/wp\/v2\/pages\/681\/revisions"}],"predecessor-version":[{"id":1706,"href":"http:\/\/www.radort-magdeburg.com\/index.php\/wp-json\/wp\/v2\/pages\/681\/revisions\/1706"}],"up":[{"embeddable":true,"href":"http:\/\/www.radort-magdeburg.com\/index.php\/wp-json\/wp\/v2\/pages\/479"}],"wp:attachment":[{"href":"http:\/\/www.radort-magdeburg.com\/index.php\/wp-json\/wp\/v2\/media?parent=681"}],"curies":[{"name":"wp","href":"https:\/\/api.w.org\/{rel}","templated":true}]}}