{"id":88,"date":"2020-04-01T21:13:51","date_gmt":"2020-04-01T19:13:51","guid":{"rendered":"http:\/\/www.radort-magdeburg.com\/?page_id=88"},"modified":"2021-02-18T07:28:16","modified_gmt":"2021-02-18T06:28:16","slug":"agb","status":"publish","type":"page","link":"http:\/\/www.radort-magdeburg.com\/index.php\/ueber-uns\/agb\/","title":{"rendered":"AGB"},"content":{"rendered":"\n<h2 class=\"wp-block-heading\">Allgemeine Gesch\u00e4ftsbedingungen<\/h2>\n\n\n\n<h3 class=\"wp-block-heading\">Allgemeine Gesch\u00e4ftsbedingungen f\u00fcr Reisen, die der radort Magdeburg als Reiseveranstalter durchf\u00fchrt und f\u00fcr die die \u00a7\u00a7 651a ff BGB Anwendungen finden.<\/h3>\n\n\n\n<p>Sehr geehrter Reisegast, die folgenden Hinweise\/Bedingungen regeln das Vertragsverh\u00e4ltnis zwischen Ihnen als Reisendem, der unsere Leistungen in Anspruch nimmt, und uns als Ihrem Reiseveranstalter. Sie sollten sie unbedingt lesen, bevor Sie Ihre Reise buchen, denn sie werden Bestandteil des mit uns geschlossenen Reisevertrages.<\/p>\n\n\n\n<h3 class=\"wp-block-heading\">1) Leistung<\/h3>\n\n\n\n<p>Die vom radort Magdeburg vertraglich geschuldeten Leistungen ergeben sich ausschlie\u00dflich aus der Ausschreibung und allen darin enthaltenen Hinweisen und Erl\u00e4uterungen und aus den hierauf Bezug nehmenden Angaben in der Anmeldebest\u00e4tigung. Mit der Ver\u00f6ffentlichung neuer Ausschreibungen (Prospekte usw.) oder Teilnehmergeb\u00fchrenlisten verlieren alle fr\u00fcheren entsprechenden Ver\u00f6ffentlichungen \u00fcber gleichlautende Angebote und Termine ihre G\u00fcltigkeit.<\/p>\n\n\n\n<h3 class=\"wp-block-heading\">2) Vertragsschluss<\/h3>\n\n\n\n<p>Mit der Anmeldung, die ausschlie\u00dflich schriftlich zu erfolgen hat, bietet der Teilnehmer den Abschluss eines Reisevertrags verbindlich an. Soweit der Teilnehmer noch nicht vollj\u00e4hrig ist, kommt ein wirksames Angebot erst mit der Zustimmung des gesetzlichen Vertreters zustande. Der Reisevertrag mit dem Teilnehmer kommt durch die schriftliche Anmeldebest\u00e4tigung des radort Magdeburg zustande, wenn diese dem Teilnehmer oder seinem gesetzlichen Vertreter zugeht. M\u00fcndliche (auch telefonische) Erkl\u00e4rungen f\u00fchren nicht zu einem Vertragsabschluss. Dadurch bewirkte Reservierungen erl\u00f6schen ohne weitere Folge, wenn der Teilnehmer ein daraufhin zugesandtes Anmeldeformular nicht binnen einer Woche vollst\u00e4ndig ausgef\u00fcllt und unterschrieben einreicht. Ist der Teilnehmer nicht vollj\u00e4hrig oder wird die Anmeldung von seinem gesetzlichen Vertreter vorgenommen, so kommt ein Vertragsverh\u00e4ltnis auch mit dem gesetzlichen Vertreter zustande. Werden dritte Personen angemeldet, entsteht ein Reisevertrag auch mit dem Anmeldenden, der f\u00fcr die eingegangenen Pflichten einzustehen hat.<\/p>\n\n\n\n<h3 class=\"wp-block-heading\">3) Zahlung<\/h3>\n\n\n\n<p>Mit Zugang der Anmeldebest\u00e4tigung beim Teilnehmer\/gesetzlichen Vertreter wird eine Anzahlung in H\u00f6he von 100,00 \u20ac pro Person gefordert. Die Anzahlung wird auf die Reisekosten angerechnet. Soweit keine andere Vereinbarung getroffen ist, ist die Restzahlung 3 Wochen vor Reisebeginn zahlungsf\u00e4llig; gleichzeitig werden die Reiseunterlagen ausgeh\u00e4ndigt. Anzahlung oder Zahlung erfolgt gegen Aush\u00e4ndigung eines Sicherungsscheines im Sinne von \u00a7 651 k Abs.3 BGB. Ohne vollst\u00e4ndige Bezahlung der Reisekosten besteht kein Anspruch auf Inanspruchnahme der Leistung.<\/p>\n\n\n\n<h3 class=\"wp-block-heading\">4) Absage der Reise<\/h3>\n\n\n\n<p>Der radort Magdeburg kann bei Nichterreichen einer in der Ausschreibung genannten Mindestteilnehmerzahl vom Reisevertrag zur\u00fccktreten. F\u00fcr diesen Fall ist er verpflichtet, den Teilnehmern die Absage der Reise unverz\u00fcglich zu erkl\u00e4ren, wenn feststeht, dass die Reise wegen Nichterreichen der Mindestteilnehmerzahl nicht durchgef\u00fchrt wird. Eine Absage sp\u00e4ter als 3 Wochen vor Beginn der Reise ist nicht zul\u00e4ssig. Die eingezahlten Betr\u00e4ge werden in voller H\u00f6he zur\u00fcckerstattet; weitere Anspr\u00fcche bestehen nicht.<\/p>\n\n\n\n<h3 class=\"wp-block-heading\">5) Halbes Doppelzimmer<\/h3>\n\n\n\n<p>Wenn zum Zeitpunkt einer halben Doppelzimmerbuchung noch kein weiterer Zimmerpartner gebucht hat, teilt der radort Magdeburg dies auf der Anmeldebest\u00e4tigung mit. Sollte sich kein Zimmerpartner finden oder sollte der gebuchte Zimmerpartner vor Reiseantritt stornieren oder umbuchen, erh\u00e4lt der Reisende ein Zimmer zur Alleinbenutzung. Den Einzelzimmerzuschlag \u00fcbernimmt dann der radort Magdeburg.<\/p>\n\n\n\n<h3 class=\"wp-block-heading\">6) Preis\u00e4nderung<\/h3>\n\n\n\n<p>Der radort Magdeburg beh\u00e4lt sich vor, die ausgeschriebenen und mit der Buchung best\u00e4tigten Preise im Falle der Erh\u00f6hung der Bef\u00f6rderungskosten oder der Abgaben f\u00fcr bestimmte Leistungen oder einer \u00c4nderung der f\u00fcr die betreffende Reise geltenden Wechselkurse in dem Umfang zu \u00e4ndern, wie sich die Erh\u00f6hung der Bef\u00f6rderungskosten oder Abgaben f\u00fcr bestimmte Leistungen pro Person bzw. pro Sitzplatz auf den Reisebetrag auswirken, sofern zwischen Vertragsschluss und vereinbartem Reisetermin mehr als 4 Monate liegen. Im Falle einer nachtr\u00e4glichen \u00c4nderung der Reisekosten werden die Teilnehmer unverz\u00fcglich, sp\u00e4testens jedoch 21 Tage vor Reiseantritt, in Kenntnis gesetzt. Nach diesem Zeitpunkt sind Preiserh\u00f6hungen nicht mehr zul\u00e4ssig. Falls Preiserh\u00f6hungen 5 % des Reisebetrags \u00fcbersteigen, ist der Teilnehmer berechtigt, ohne Geb\u00fchren vom Reisevertrag zur\u00fcckzutreten. Tritt der Teilnehmer vom Reisevertrag zur\u00fcck, erh\u00e4lt er an den radort Magdeburg bereits geleistete Zahlungen unverz\u00fcglich voll erstattet. Es besteht ein Recht auf eine Ersatzreise im Rahmen des \u00a7 651 a IV BGB.<\/p>\n\n\n\n<h3 class=\"wp-block-heading\">7) R\u00fccktritt<\/h3>\n\n\n\n<p>Der Teilnehmer kann bis zum Beginn der Reise jederzeit durch schriftliche Erkl\u00e4rung vom Vertrag zur\u00fccktreten. Im Falle des R\u00fccktritts durch den Teilnehmer steht dem radort Magdeburg, unter Ber\u00fccksichtigung gew\u00f6hnlich ersparter Aufwendungen und die m\u00f6glicherweise anderweitige Verwendung der Reiseleistungen, folgende pauschale Entsch\u00e4digung zu:<br>Bis zum 45. Tag vor Reisebeginn Erstattung des bis dahin gezahlten Preises abz\u00fcglich einer Bearbeitungsgeb\u00fchr von 30 \u20ac,<\/p>\n\n\n\n<p>vom 44. &#8211; 31. Tag vor Reisebeginn 30 %,<\/p>\n\n\n\n<p>vom 30. &#8211; 21. Tag vor Reisebeginn 40 %,<\/p>\n\n\n\n<p>vom 20. &#8211; 11. Tag vor Reisebeginn 50 % und<\/p>\n\n\n\n<p>vom 10. Tag vor Reisebeginn 90 % des Reisebetrags.<\/p>\n\n\n\n<p>Der Nachweis, dass dem Veranstalter im Zusammenhang mit dem R\u00fccktritt oder Nichtantritt der Reise keine oder geringere Kosten entstanden sind als die genannten Pauschalen, bleibt dem Teilnehmer unbenommen. Bei Umbuchungen berechnen wir eine Bearbeitungsgeb\u00fchr von 30 EUR. Der radort Magdeburg empfiehlt, mit der Buchung eine Reiser\u00fccktrittversicherung abzuschlie\u00dfen.<\/p>\n\n\n\n<h3 class=\"wp-block-heading\">8) Nicht in Anspruch genommene Leistungen<\/h3>\n\n\n\n<p>Verzichtet der Reisende auf ordnungsgem\u00e4\u00df angebotene einzelne Reiseleistungen, so hat er keinen Anspruch auf anteilige Erstattung des Reisepreises.<\/p>\n\n\n\n<h3 class=\"wp-block-heading\">9) K\u00fcndigung<\/h3>\n\n\n\n<p>Der radort Magdeburg kann den Reisevertrag ohne Einhaltung einer Frist k\u00fcndigen, wenn der Teilnehmer die Durchf\u00fchrung der Reise ungeachtet einer Abmahnung des radort Magdeburg bzw. der von ihm eingesetzten Reiseleitung nachhaltig st\u00f6rt oder wenn er sich in solchem Ma\u00dfe vertragswidrig verh\u00e4lt, dass die sofortige Aufhebung des Vertrags gerechtfertigt ist. K\u00fcndigt der radort Magdeburg, so beh\u00e4lt er den Anspruch auf den Reisebetrag, er mu\u00df sich jedoch den Wert der ersparten Aufwendungen sowie diejenigen Vorteile anrechnen lassen, die er aus einer anderweitigen Verwendung der nicht in Anspruch genommenen Leistung erlangt, einschlie\u00dflich der ihm von den Leistungstr\u00e4gern gutgebrachten Betr\u00e4ge. Die vom radort Magdeburg eingesetzten Reiseleiter sind ausdr\u00fccklich bevollm\u00e4chtigt, dessen Interessen in diesen F\u00e4llen wahrzunehmen.<\/p>\n\n\n\n<h3 class=\"wp-block-heading\">10) Haftung, Anspr\u00fcche, Verj\u00e4hrung<\/h3>\n\n\n\n<p>Die Haftung des radort Magdeburg f\u00fcr Sch\u00e4den, die nicht K\u00f6rpersch\u00e4den sind, ist auf den dreifachen Reisepreis beschr\u00e4nkt, soweit ein Schaden des Teilnehmers vom radort Magdeburg weder vors\u00e4tzlich noch grob fahrl\u00e4ssig herbeigef\u00fchrt wurde oder soweit der radort Magdeburg f\u00fcr einen dem Teilnehmer entstehenden Schaden allein wegen eines Verschuldens eines Leistungstr\u00e4gers verantwortlich ist. F\u00fcr alle gegen ihn gerichteten Schadenersatzanspr\u00fcche aus unerlaubter Handlung, die nicht auf Vorsatz oder grober Fahrl\u00e4ssigkeit beruhen, haftet der radort Magdeburg bei Sachsch\u00e4den bis 3.000 EUR. \u00dcbersteigt der dreifache Reisepreis diese Summe, ist die Haftung f\u00fcr Sachsch\u00e4den auf die H\u00f6he des dreifachen Reisepreises beschr\u00e4nkt (Haftungsh\u00f6chstsumme jeweils je Reiseteilnehmer und Reise). Anspr\u00fcche wegen M\u00e4ngeln der Reise k\u00f6nnen nur dann geltend gemacht werden, wenn diese M\u00e4ngel unverz\u00fcglich beim radort Magdeburg oder der Reiseleitung angezeigt werden, es sei denn, die Anzeige ist dem Teilnehmer unm\u00f6glich.<\/p>\n\n\n\n<p>Der radort Magdeburg hat das Recht, innerhalb angemessener Frist dem Mangel abzuhelfen. Dies findet keine Anwendung, wenn Abhilfe unm\u00f6glich ist oder verweigert wird. M\u00e4ngelanzeigen sind zu richten an:<\/p>\n\n\n\n<p>radort Magdeburg<\/p>\n\n\n\n<p>Wolfgang Schramm<\/p>\n\n\n\n<p>Kroatenweg 54<\/p>\n\n\n\n<p>39116 Magdeburg<\/p>\n\n\n\n<p>Telefon: +49 1728598052<\/p>\n\n\n\n<p>wolfgang.schramm.57@gmail.com<\/p>\n\n\n\n<p>Haftungseinschr\u00e4nkungen oder &#8211; ausschl\u00fcsse, die auf internationalen \u00dcbereinkommen beruhen und die ein vom radort Magdeburg beauftragter Leistungstr\u00e4ger anwendet, finden auch im Rahmen des Reisevertrags Anwendung. Anspr\u00fcche aus Reisem\u00e4ngeln sind innerhalb eines Monats nach Ende der Reise anzumelden. Sie verj\u00e4hren ein Jahr nach Beendigung der Reise. Diese Fristen gelten nicht f\u00fcr deliktische Anspr\u00fcche. Radwanderungen erfordern mehr Einsatz als eine herk\u00f6mmliche Pauschalreise; es obliegt deshalb dem Teilnehmer zu kl\u00e4ren oder kl\u00e4ren zu lassen, ob er den gesundheitlichen Anforderungen einer solchen Reise gewachsen ist. Vorausgesetzt wird, dass die Teilnehmer ihr Rad im Stra\u00dfenverkehr oder auf Feldwegen sowie bei jeder Witterung beherrschen k\u00f6nnen. Sie sind selbst verantwortlich f\u00fcr die Einhaltung gesetzlicher Regelungen und haften f\u00fcr Sch\u00e4den gegen\u00fcber Dritten oder anderen Teilnehmern nach gesetzlichen Vorschriften. Eine Haftung f\u00fcr Personen- oder Sachsch\u00e4den durch den radort Magdeburg wird insoweit ausgeschlossen.<\/p>\n\n\n\n<h3 class=\"wp-block-heading\">11) Pass-, Visa-, Devisen-, Zoll- und Gesundheitsbestimmungen<\/h3>\n\n\n\n<p>Der Teilnehmer ist f\u00fcr die Einhaltung der f\u00fcr die Reise geltenden Bestimmungen selbst verantwortlich. Alle Kosten und Nachteile, die aus der Nichtbeachtung solcher Vorschriften erwachsen, gehen zu seinen Lasten, auch wenn diese Vorschriften nach Vertragsschluss ge\u00e4ndert werden sollten. Der radort Magdeburg wird die Teilnehmer im Rahmen seiner M\u00f6glichkeiten \u00fcber wichtige \u00c4nderungen der in der Ausschreibung wiedergegebenen allgemeinen Vorschriften vor Reiseantritt informieren.<\/p>\n\n\n\n<h3 class=\"wp-block-heading\">12) Sonstige Bestimmungen<\/h3>\n\n\n\n<p>Mit der Anmeldung erkl\u00e4ren sich Teilnehmer und gesetzlicher Vertreter damit einverstanden, dass die Daten entsprechend dem Bundesdatenschutzgesetz gespeichert werden. Leistungs- und Erf\u00fcllungsort f\u00fcr die Reise ist Magdeburg. Gesch\u00e4ftsbedingungen f\u00fcr die Vermittlung von Reisen F\u00fcr Reisen anderer Veranstalter tritt der radort Magdeburg lediglich als Vermittler auf. Trotz sorgf\u00e4ltiger Auswahl dieser Fremdveranstalter kann der radort Magdeburg insoweit keine Haftung \u00fcbernehmen. Ein Reisevertrag kommt ausschlie\u00dflich zwischen dem Teilnehmer und dem Reiseveranstalter zustande. Auf diesen sind die Reisebedingungen der Fremdveranstalter anzuwenden, die dem radort Magdeburg vorliegen und dort eingesehen werden k\u00f6nnen. In den Leistungsbeschreibungen der Reisen wird jeweils erl\u00e4utert, ob der radort Magdeburg oder ein Dritter die Reise veranstaltet.<\/p>\n","protected":false},"excerpt":{"rendered":"<p>Allgemeine Gesch\u00e4ftsbedingungen Allgemeine Gesch\u00e4ftsbedingungen f\u00fcr Reisen, die der radort Magdeburg als Reiseveranstalter durchf\u00fchrt und f\u00fcr die die \u00a7\u00a7 651a ff BGB Anwendungen finden. Sehr geehrter Reisegast, die folgenden Hinweise\/Bedingungen regeln das Vertragsverh\u00e4ltnis zwischen Ihnen als Reisendem, der unsere Leistungen in &hellip; <a href=\"http:\/\/www.radort-magdeburg.com\/index.php\/ueber-uns\/agb\/\">Weiterlesen <span class=\"meta-nav\">&rarr;<\/span><\/a><\/p>\n","protected":false},"author":1,"featured_media":0,"parent":43,"menu_order":0,"comment_status":"closed","ping_status":"closed","template":"onecolumn-page.php","meta":{"_mc_calendar":[],"footnotes":""},"class_list":["post-88","page","type-page","status-publish","hentry"],"yoast_head":"<!-- This site is optimized with the Yoast SEO plugin v27.4 - https:\/\/yoast.com\/product\/yoast-seo-wordpress\/ -->\n<title>AGB - radort Magdeburg<\/title>\n<meta name=\"robots\" content=\"index, follow, max-snippet:-1, max-image-preview:large, max-video-preview:-1\" \/>\n<link rel=\"canonical\" href=\"http:\/\/www.radort-magdeburg.com\/index.php\/ueber-uns\/agb\/\" \/>\n<meta property=\"og:locale\" content=\"de_DE\" \/>\n<meta property=\"og:type\" content=\"article\" \/>\n<meta property=\"og:title\" content=\"AGB - radort Magdeburg\" \/>\n<meta property=\"og:description\" content=\"Allgemeine Gesch\u00e4ftsbedingungen Allgemeine Gesch\u00e4ftsbedingungen f\u00fcr Reisen, die der radort Magdeburg als Reiseveranstalter durchf\u00fchrt und f\u00fcr die die \u00a7\u00a7 651a ff BGB Anwendungen finden. Sehr geehrter Reisegast, die folgenden Hinweise\/Bedingungen regeln das Vertragsverh\u00e4ltnis zwischen Ihnen als Reisendem, der unsere Leistungen in &hellip; Weiterlesen &rarr;\" \/>\n<meta property=\"og:url\" content=\"http:\/\/www.radort-magdeburg.com\/index.php\/ueber-uns\/agb\/\" \/>\n<meta property=\"og:site_name\" content=\"radort Magdeburg\" \/>\n<meta property=\"article:modified_time\" content=\"2021-02-18T06:28:16+00:00\" \/>\n<meta name=\"twitter:card\" content=\"summary_large_image\" \/>\n<meta name=\"twitter:label1\" content=\"Gesch\u00e4tzte Lesezeit\" \/>\n\t<meta name=\"twitter:data1\" content=\"7\u00a0Minuten\" \/>\n<script type=\"application\/ld+json\" class=\"yoast-schema-graph\">{\"@context\":\"https:\\\/\\\/schema.org\",\"@graph\":[{\"@type\":\"WebPage\",\"@id\":\"http:\\\/\\\/www.radort-magdeburg.com\\\/index.php\\\/ueber-uns\\\/agb\\\/\",\"url\":\"http:\\\/\\\/www.radort-magdeburg.com\\\/index.php\\\/ueber-uns\\\/agb\\\/\",\"name\":\"AGB - radort Magdeburg\",\"isPartOf\":{\"@id\":\"http:\\\/\\\/www.radort-magdeburg.com\\\/#website\"},\"datePublished\":\"2020-04-01T19:13:51+00:00\",\"dateModified\":\"2021-02-18T06:28:16+00:00\",\"breadcrumb\":{\"@id\":\"http:\\\/\\\/www.radort-magdeburg.com\\\/index.php\\\/ueber-uns\\\/agb\\\/#breadcrumb\"},\"inLanguage\":\"de\",\"potentialAction\":[{\"@type\":\"ReadAction\",\"target\":[\"http:\\\/\\\/www.radort-magdeburg.com\\\/index.php\\\/ueber-uns\\\/agb\\\/\"]}]},{\"@type\":\"BreadcrumbList\",\"@id\":\"http:\\\/\\\/www.radort-magdeburg.com\\\/index.php\\\/ueber-uns\\\/agb\\\/#breadcrumb\",\"itemListElement\":[{\"@type\":\"ListItem\",\"position\":1,\"name\":\"Startseite\",\"item\":\"http:\\\/\\\/www.radort-magdeburg.com\\\/\"},{\"@type\":\"ListItem\",\"position\":2,\"name\":\"\u00dcber mich\",\"item\":\"http:\\\/\\\/www.radort-magdeburg.com\\\/index.php\\\/ueber-uns\\\/\"},{\"@type\":\"ListItem\",\"position\":3,\"name\":\"AGB\"}]},{\"@type\":\"WebSite\",\"@id\":\"http:\\\/\\\/www.radort-magdeburg.com\\\/#website\",\"url\":\"http:\\\/\\\/www.radort-magdeburg.com\\\/\",\"name\":\"radort Magdeburg\",\"description\":\"Willkommen in unserer Radreise Region\",\"publisher\":{\"@id\":\"http:\\\/\\\/www.radort-magdeburg.com\\\/#\\\/schema\\\/person\\\/fceedb630e519c36aa801b23ec22d528\"},\"potentialAction\":[{\"@type\":\"SearchAction\",\"target\":{\"@type\":\"EntryPoint\",\"urlTemplate\":\"http:\\\/\\\/www.radort-magdeburg.com\\\/?s={search_term_string}\"},\"query-input\":{\"@type\":\"PropertyValueSpecification\",\"valueRequired\":true,\"valueName\":\"search_term_string\"}}],\"inLanguage\":\"de\"},{\"@type\":[\"Person\",\"Organization\"],\"@id\":\"http:\\\/\\\/www.radort-magdeburg.com\\\/#\\\/schema\\\/person\\\/fceedb630e519c36aa801b23ec22d528\",\"name\":\"radort_admin\",\"image\":{\"@type\":\"ImageObject\",\"inLanguage\":\"de\",\"@id\":\"https:\\\/\\\/secure.gravatar.com\\\/avatar\\\/12470d3a850e60ee25c5330a5f618df727969898bdd3b4cdf8bd2adede7c0dee?s=96&d=mm&r=g\",\"url\":\"https:\\\/\\\/secure.gravatar.com\\\/avatar\\\/12470d3a850e60ee25c5330a5f618df727969898bdd3b4cdf8bd2adede7c0dee?s=96&d=mm&r=g\",\"contentUrl\":\"https:\\\/\\\/secure.gravatar.com\\\/avatar\\\/12470d3a850e60ee25c5330a5f618df727969898bdd3b4cdf8bd2adede7c0dee?s=96&d=mm&r=g\",\"caption\":\"radort_admin\"},\"logo\":{\"@id\":\"https:\\\/\\\/secure.gravatar.com\\\/avatar\\\/12470d3a850e60ee25c5330a5f618df727969898bdd3b4cdf8bd2adede7c0dee?s=96&d=mm&r=g\"},\"sameAs\":[\"http:\\\/\\\/www.radort-magdeburg.com\"]}]}<\/script>\n<!-- \/ Yoast SEO plugin. -->","yoast_head_json":{"title":"AGB - radort Magdeburg","robots":{"index":"index","follow":"follow","max-snippet":"max-snippet:-1","max-image-preview":"max-image-preview:large","max-video-preview":"max-video-preview:-1"},"canonical":"http:\/\/www.radort-magdeburg.com\/index.php\/ueber-uns\/agb\/","og_locale":"de_DE","og_type":"article","og_title":"AGB - radort Magdeburg","og_description":"Allgemeine Gesch\u00e4ftsbedingungen Allgemeine Gesch\u00e4ftsbedingungen f\u00fcr Reisen, die der radort Magdeburg als Reiseveranstalter durchf\u00fchrt und f\u00fcr die die \u00a7\u00a7 651a ff BGB Anwendungen finden. Sehr geehrter Reisegast, die folgenden Hinweise\/Bedingungen regeln das Vertragsverh\u00e4ltnis zwischen Ihnen als Reisendem, der unsere Leistungen in &hellip; Weiterlesen &rarr;","og_url":"http:\/\/www.radort-magdeburg.com\/index.php\/ueber-uns\/agb\/","og_site_name":"radort Magdeburg","article_modified_time":"2021-02-18T06:28:16+00:00","twitter_card":"summary_large_image","twitter_misc":{"Gesch\u00e4tzte Lesezeit":"7\u00a0Minuten"},"schema":{"@context":"https:\/\/schema.org","@graph":[{"@type":"WebPage","@id":"http:\/\/www.radort-magdeburg.com\/index.php\/ueber-uns\/agb\/","url":"http:\/\/www.radort-magdeburg.com\/index.php\/ueber-uns\/agb\/","name":"AGB - radort Magdeburg","isPartOf":{"@id":"http:\/\/www.radort-magdeburg.com\/#website"},"datePublished":"2020-04-01T19:13:51+00:00","dateModified":"2021-02-18T06:28:16+00:00","breadcrumb":{"@id":"http:\/\/www.radort-magdeburg.com\/index.php\/ueber-uns\/agb\/#breadcrumb"},"inLanguage":"de","potentialAction":[{"@type":"ReadAction","target":["http:\/\/www.radort-magdeburg.com\/index.php\/ueber-uns\/agb\/"]}]},{"@type":"BreadcrumbList","@id":"http:\/\/www.radort-magdeburg.com\/index.php\/ueber-uns\/agb\/#breadcrumb","itemListElement":[{"@type":"ListItem","position":1,"name":"Startseite","item":"http:\/\/www.radort-magdeburg.com\/"},{"@type":"ListItem","position":2,"name":"\u00dcber mich","item":"http:\/\/www.radort-magdeburg.com\/index.php\/ueber-uns\/"},{"@type":"ListItem","position":3,"name":"AGB"}]},{"@type":"WebSite","@id":"http:\/\/www.radort-magdeburg.com\/#website","url":"http:\/\/www.radort-magdeburg.com\/","name":"radort Magdeburg","description":"Willkommen in unserer Radreise Region","publisher":{"@id":"http:\/\/www.radort-magdeburg.com\/#\/schema\/person\/fceedb630e519c36aa801b23ec22d528"},"potentialAction":[{"@type":"SearchAction","target":{"@type":"EntryPoint","urlTemplate":"http:\/\/www.radort-magdeburg.com\/?s={search_term_string}"},"query-input":{"@type":"PropertyValueSpecification","valueRequired":true,"valueName":"search_term_string"}}],"inLanguage":"de"},{"@type":["Person","Organization"],"@id":"http:\/\/www.radort-magdeburg.com\/#\/schema\/person\/fceedb630e519c36aa801b23ec22d528","name":"radort_admin","image":{"@type":"ImageObject","inLanguage":"de","@id":"https:\/\/secure.gravatar.com\/avatar\/12470d3a850e60ee25c5330a5f618df727969898bdd3b4cdf8bd2adede7c0dee?s=96&d=mm&r=g","url":"https:\/\/secure.gravatar.com\/avatar\/12470d3a850e60ee25c5330a5f618df727969898bdd3b4cdf8bd2adede7c0dee?s=96&d=mm&r=g","contentUrl":"https:\/\/secure.gravatar.com\/avatar\/12470d3a850e60ee25c5330a5f618df727969898bdd3b4cdf8bd2adede7c0dee?s=96&d=mm&r=g","caption":"radort_admin"},"logo":{"@id":"https:\/\/secure.gravatar.com\/avatar\/12470d3a850e60ee25c5330a5f618df727969898bdd3b4cdf8bd2adede7c0dee?s=96&d=mm&r=g"},"sameAs":["http:\/\/www.radort-magdeburg.com"]}]}},"_links":{"self":[{"href":"http:\/\/www.radort-magdeburg.com\/index.php\/wp-json\/wp\/v2\/pages\/88","targetHints":{"allow":["GET"]}}],"collection":[{"href":"http:\/\/www.radort-magdeburg.com\/index.php\/wp-json\/wp\/v2\/pages"}],"about":[{"href":"http:\/\/www.radort-magdeburg.com\/index.php\/wp-json\/wp\/v2\/types\/page"}],"author":[{"embeddable":true,"href":"http:\/\/www.radort-magdeburg.com\/index.php\/wp-json\/wp\/v2\/users\/1"}],"replies":[{"embeddable":true,"href":"http:\/\/www.radort-magdeburg.com\/index.php\/wp-json\/wp\/v2\/comments?post=88"}],"version-history":[{"count":7,"href":"http:\/\/www.radort-magdeburg.com\/index.php\/wp-json\/wp\/v2\/pages\/88\/revisions"}],"predecessor-version":[{"id":539,"href":"http:\/\/www.radort-magdeburg.com\/index.php\/wp-json\/wp\/v2\/pages\/88\/revisions\/539"}],"up":[{"embeddable":true,"href":"http:\/\/www.radort-magdeburg.com\/index.php\/wp-json\/wp\/v2\/pages\/43"}],"wp:attachment":[{"href":"http:\/\/www.radort-magdeburg.com\/index.php\/wp-json\/wp\/v2\/media?parent=88"}],"curies":[{"name":"wp","href":"https:\/\/api.w.org\/{rel}","templated":true}]}}